{"id":61,"date":"2021-12-13T00:18:18","date_gmt":"2021-12-12T23:18:18","guid":{"rendered":"http:\/\/www.phmprods.com\/prod\/?page_id=61"},"modified":"2022-05-05T17:49:19","modified_gmt":"2022-05-05T15:49:19","slug":"clip-video-teaser-reportage","status":"publish","type":"page","link":"https:\/\/www.phmprods.com\/prod\/clip-video-teaser-reportage\/","title":{"rendered":"Clip vid\u00e9o &#8211; Teaser &#8211; Reportage"},"content":{"rendered":"<p><strong>CLIP VID\u00c9O<\/strong><\/p>\n<p>Vous souhaitez r\u00e9aliser un clip vid\u00e9o entre <strong>3 et 6 minutes<\/strong>, mettant en avant par l&#8217;image votre domaine d&#8217;activit\u00e9, vos produits ou votre passion, nous vous proposons de concr\u00e9tiser votre projet de A \u00e0 Z en vous fournissant les prestations suivantes :<\/p>\n<ul>\n<li style=\"list-style-type: none;\">\n<ul>\n<li style=\"list-style-type: none;\">\n<ul>\n<li>Une premi\u00e8re rencontre pour d\u00e9finir les besoins de votre projet<\/li>\n<li>Elaboration du storyboard<\/li>\n<li>Elaboration du planning de tournage<\/li>\n<li>R\u00e9alisation des plans pour\u00a0 la vid\u00e9o<\/li>\n<li>Composition musicale si besoin ou arrangement musical<\/li>\n<li>Montage de la vid\u00e9o<\/li>\n<li>Export de la vid\u00e9o selon les plateformes ou lieu de diffusion.<\/li>\n<\/ul>\n<\/li>\n<\/ul>\n<\/li>\n<\/ul>\n<p><strong>TEASER<\/strong><\/p>\n<p>Vous d\u00e9sirez communiquer en moins de <strong>3 minutes <\/strong>sur le lancement ou la pr\u00e9sentation d&#8217;un service ou d&#8217;un produit, nous vous aiderons \u00e0 r\u00e9aliser votre teaser en qualit\u00e9 4K, avec des animations dynamiques.<\/p>\n<p><strong>REPORTAGE &#8211; COURT METRAGE<\/strong><\/p>\n<p>Nous pouvons vous aider \u00e0\u00a0 partager ou mettre en avant une exp\u00e9rience, une r\u00e9gion, un m\u00e9tier, une tradition ou encore une passion. Que vous ayez <strong>vos propres s\u00e9quences<\/strong> vid\u00e9os et\/ou que vous souhaitiez avoir des rushs compl\u00e9mentaires, nous pouvons vous accompagner et r\u00e9aliser pour vous le montage\u00a0 \u00e0 l<span style=\"font-size: 1rem;\">&#8216;aide d&#8217;outils performants et toujours d&#8217;actualit\u00e9.<\/span><\/p>\n<p>Nous <a href=\"https:\/\/www.phmprods.com\/prod\/videos\/\"><strong>d\u00e9finirons ensemble votre projet<\/strong><\/a> dont d\u00e9pendront en suite les diff\u00e9rentes <a href=\"https:\/\/www.phmprods.com\/prod\/tournage\/\"><strong>\u00e9tapes du tournage<\/strong><\/a> et les <a href=\"https:\/\/www.phmprods.com\/prod\/tournage-le-deroulement\/\"><strong>\u00e9tapes du montage\u00a0 <\/strong>\u00a0.<\/a><\/p>\n<p>&nbsp;<\/p>\n","protected":false},"excerpt":{"rendered":"<p>CLIP VID\u00c9O Vous souhaitez r\u00e9aliser un clip vid\u00e9o entre 3 et 6 minutes, mettant en avant par l&#8217;image votre domaine d&#8217;activit\u00e9, vos produits ou votre passion, nous vous proposons de concr\u00e9tiser votre projet de A \u00e0 Z en vous fournissant les prestations suivantes : Une premi\u00e8re rencontre pour d\u00e9finir les besoins de votre projet Elaboration &hellip; <\/p>\n<p class=\"link-more\"><a href=\"https:\/\/www.phmprods.com\/prod\/clip-video-teaser-reportage\/\" class=\"more-link\">Continue reading<span class=\"screen-reader-text\"> &#8220;Clip vid\u00e9o &#8211; Teaser &#8211; Reportage&#8221;<\/span><\/a><\/p>\n","protected":false},"author":1,"featured_media":74,"parent":0,"menu_order":0,"comment_status":"closed","ping_status":"closed","template":"","meta":[],"_links":{"self":[{"href":"https:\/\/www.phmprods.com\/prod\/wp-json\/wp\/v2\/pages\/61"}],"collection":[{"href":"https:\/\/www.phmprods.com\/prod\/wp-json\/wp\/v2\/pages"}],"about":[{"href":"https:\/\/www.phmprods.com\/prod\/wp-json\/wp\/v2\/types\/page"}],"author":[{"embeddable":true,"href":"https:\/\/www.phmprods.com\/prod\/wp-json\/wp\/v2\/users\/1"}],"replies":[{"embeddable":true,"href":"https:\/\/www.phmprods.com\/prod\/wp-json\/wp\/v2\/comments?post=61"}],"version-history":[{"count":20,"href":"https:\/\/www.phmprods.com\/prod\/wp-json\/wp\/v2\/pages\/61\/revisions"}],"predecessor-version":[{"id":450,"href":"https:\/\/www.phmprods.com\/prod\/wp-json\/wp\/v2\/pages\/61\/revisions\/450"}],"wp:featuredmedia":[{"embeddable":true,"href":"https:\/\/www.phmprods.com\/prod\/wp-json\/wp\/v2\/media\/74"}],"wp:attachment":[{"href":"https:\/\/www.phmprods.com\/prod\/wp-json\/wp\/v2\/media?parent=61"}],"curies":[{"name":"wp","href":"https:\/\/api.w.org\/{rel}","templated":true}]}}