{"id":58,"date":"2021-12-13T00:16:56","date_gmt":"2021-12-12T23:16:56","guid":{"rendered":"http:\/\/www.phmprods.com\/prod\/?page_id=58"},"modified":"2022-04-28T17:50:52","modified_gmt":"2022-04-28T15:50:52","slug":"captation-audiovisuel","status":"publish","type":"page","link":"https:\/\/www.phmprods.com\/prod\/captation-audiovisuel\/","title":{"rendered":"Captation (Audiovisuel)"},"content":{"rendered":"<p>&nbsp;<\/p>\n<p><a href=\"http:\/\/www.phmprods.com\/prod\/wp-content\/uploads\/2022\/04\/Carre-camera.png\"><img loading=\"lazy\" class=\" wp-image-327 alignleft\" src=\"http:\/\/www.phmprods.com\/prod\/wp-content\/uploads\/2022\/04\/Carre-camera.png\" alt=\"\" width=\"292\" height=\"259\" srcset=\"https:\/\/www.phmprods.com\/prod\/wp-content\/uploads\/2022\/04\/Carre-camera.png 518w, https:\/\/www.phmprods.com\/prod\/wp-content\/uploads\/2022\/04\/Carre-camera-300x266.png 300w\" sizes=\"(max-width: 292px) 100vw, 292px\" \/><\/a><\/p>\n<p>La captation d&#8217;un spectacle vivant (th\u00e9\u00e2tre, concert, chor\u00e9graphie, sketch&#8230;) consiste en <strong>l&#8217;enregistrement sonore ou<\/strong> <strong>audiovisuel<\/strong> de celui ci avec ou sans un public.Les captations seront r\u00e9alis\u00e9es en 4K ou full HD.<\/p>\n<p>&nbsp;<\/p>\n<p>Nous utiliserons les cam\u00e9ras adapt\u00e9es \u00e0 vos attentes voir <strong>&#8220;<a href=\"https:\/\/www.phmprods.com\/prod\/studio-de-montage\/\">Studio de montage&#8221; .<\/a><\/strong><\/p>\n<p><img loading=\"lazy\" class=\"alignnone wp-image-81\" src=\"http:\/\/www.phmprods.com\/prod\/wp-content\/uploads\/2021\/12\/IMG_captation4_bandeau-300x72.jpg\" alt=\"\" width=\"488\" height=\"117\" srcset=\"https:\/\/www.phmprods.com\/prod\/wp-content\/uploads\/2021\/12\/IMG_captation4_bandeau-300x72.jpg 300w, https:\/\/www.phmprods.com\/prod\/wp-content\/uploads\/2021\/12\/IMG_captation4_bandeau.jpg 535w\" sizes=\"(max-width: 488px) 100vw, 488px\" \/><\/p>\n<p>Nous d\u00e9finirons ensemble ce qui conviendra le mieux pour votre projet\u00a0 <strong><a href=\"https:\/\/www.phmprods.com\/prod\/clip-video-teaser-reportage\/\">Clip vid\u00e9o &#8211; Teaser &#8211; Reportage-Documentaire &#8211; Film<\/a><\/strong><\/p>\n<p>&nbsp;<\/p>\n<p><a href=\"http:\/\/www.phmprods.com\/prod\/wp-content\/uploads\/2022\/01\/Carre-drone.png\"><img loading=\"lazy\" class=\"wp-image-128 alignleft\" src=\"http:\/\/www.phmprods.com\/prod\/wp-content\/uploads\/2022\/01\/Carre-drone.png\" alt=\"\" width=\"288\" height=\"255\" srcset=\"https:\/\/www.phmprods.com\/prod\/wp-content\/uploads\/2022\/01\/Carre-drone.png 516w, https:\/\/www.phmprods.com\/prod\/wp-content\/uploads\/2022\/01\/Carre-drone-300x266.png 300w\" sizes=\"(max-width: 288px) 100vw, 288px\" \/><\/a><\/p>\n<p>&nbsp;<\/p>\n<p>Dynamisez vos cr\u00e9ations avec des <strong>plans inattendus<\/strong><\/p>\n<p>Int\u00e9grez des <strong>vues a\u00e9riennes<\/strong><\/p>\n<p>Des travellings ou trackings en qualit\u00e9 cin\u00e9matographique<\/p>\n","protected":false},"excerpt":{"rendered":"<p>&nbsp; La captation d&#8217;un spectacle vivant (th\u00e9\u00e2tre, concert, chor\u00e9graphie, sketch&#8230;) consiste en l&#8217;enregistrement sonore ou audiovisuel de celui ci avec ou sans un public.Les captations seront r\u00e9alis\u00e9es en 4K ou full HD. &nbsp; Nous utiliserons les cam\u00e9ras adapt\u00e9es \u00e0 vos attentes voir &#8220;Studio de montage&#8221; . Nous d\u00e9finirons ensemble ce qui conviendra le mieux pour &hellip; <\/p>\n<p class=\"link-more\"><a href=\"https:\/\/www.phmprods.com\/prod\/captation-audiovisuel\/\" class=\"more-link\">Continue reading<span class=\"screen-reader-text\"> &#8220;Captation (Audiovisuel)&#8221;<\/span><\/a><\/p>\n","protected":false},"author":1,"featured_media":72,"parent":0,"menu_order":0,"comment_status":"closed","ping_status":"closed","template":"","meta":[],"_links":{"self":[{"href":"https:\/\/www.phmprods.com\/prod\/wp-json\/wp\/v2\/pages\/58"}],"collection":[{"href":"https:\/\/www.phmprods.com\/prod\/wp-json\/wp\/v2\/pages"}],"about":[{"href":"https:\/\/www.phmprods.com\/prod\/wp-json\/wp\/v2\/types\/page"}],"author":[{"embeddable":true,"href":"https:\/\/www.phmprods.com\/prod\/wp-json\/wp\/v2\/users\/1"}],"replies":[{"embeddable":true,"href":"https:\/\/www.phmprods.com\/prod\/wp-json\/wp\/v2\/comments?post=58"}],"version-history":[{"count":23,"href":"https:\/\/www.phmprods.com\/prod\/wp-json\/wp\/v2\/pages\/58\/revisions"}],"predecessor-version":[{"id":435,"href":"https:\/\/www.phmprods.com\/prod\/wp-json\/wp\/v2\/pages\/58\/revisions\/435"}],"wp:featuredmedia":[{"embeddable":true,"href":"https:\/\/www.phmprods.com\/prod\/wp-json\/wp\/v2\/media\/72"}],"wp:attachment":[{"href":"https:\/\/www.phmprods.com\/prod\/wp-json\/wp\/v2\/media?parent=58"}],"curies":[{"name":"wp","href":"https:\/\/api.w.org\/{rel}","templated":true}]}}