{"id":55,"date":"2021-12-13T00:11:08","date_gmt":"2021-12-12T23:11:08","guid":{"rendered":"http:\/\/www.phmprods.com\/prod\/?page_id=55"},"modified":"2022-05-05T18:22:54","modified_gmt":"2022-05-05T16:22:54","slug":"captation-enregistrement","status":"publish","type":"page","link":"https:\/\/www.phmprods.com\/prod\/captation-enregistrement\/","title":{"rendered":"Captation Enregistrement"},"content":{"rendered":"<p><a href=\"http:\/\/www.phmprods.com\/prod\/wp-content\/uploads\/2022\/01\/Carre-Music.png\"><img loading=\"lazy\" class=\"wp-image-129 alignleft\" src=\"http:\/\/www.phmprods.com\/prod\/wp-content\/uploads\/2022\/01\/Carre-Music.png\" alt=\"\" width=\"303\" height=\"268\" srcset=\"https:\/\/www.phmprods.com\/prod\/wp-content\/uploads\/2022\/01\/Carre-Music.png 516w, https:\/\/www.phmprods.com\/prod\/wp-content\/uploads\/2022\/01\/Carre-Music-300x266.png 300w\" sizes=\"(max-width: 303px) 100vw, 303px\" \/><\/a><em><strong>Gr\u00e2ce \u00e0 notre studio, nous pouvons vous r\u00e9aliser :<\/strong><\/em><\/p>\n<p>Bande sonore, bruitage<\/p>\n<p>Enregistrement (Voix Off, Concert, Live, Studio&#8230;)<\/p>\n<p>Composition musicale personnalis\u00e9e<\/p>\n<p>&nbsp;<\/p>\n<p>Nous pouvons r\u00e9aliser vos captations Audio dans notre <a href=\"https:\/\/www.phmprods.com\/prod\/studio-denregistrement\/\"><strong>Studio<\/strong> <strong>d&#8217;enregistrement<\/strong><\/a> ou tout autre lieu adapt\u00e9.<\/p>\n","protected":false},"excerpt":{"rendered":"<p>Gr\u00e2ce \u00e0 notre studio, nous pouvons vous r\u00e9aliser : Bande sonore, bruitage Enregistrement (Voix Off, Concert, Live, Studio&#8230;) Composition musicale personnalis\u00e9e &nbsp; Nous pouvons r\u00e9aliser vos captations Audio dans notre Studio d&#8217;enregistrement ou tout autre lieu adapt\u00e9.<\/p>\n","protected":false},"author":1,"featured_media":73,"parent":0,"menu_order":0,"comment_status":"closed","ping_status":"closed","template":"","meta":[],"_links":{"self":[{"href":"https:\/\/www.phmprods.com\/prod\/wp-json\/wp\/v2\/pages\/55"}],"collection":[{"href":"https:\/\/www.phmprods.com\/prod\/wp-json\/wp\/v2\/pages"}],"about":[{"href":"https:\/\/www.phmprods.com\/prod\/wp-json\/wp\/v2\/types\/page"}],"author":[{"embeddable":true,"href":"https:\/\/www.phmprods.com\/prod\/wp-json\/wp\/v2\/users\/1"}],"replies":[{"embeddable":true,"href":"https:\/\/www.phmprods.com\/prod\/wp-json\/wp\/v2\/comments?post=55"}],"version-history":[{"count":13,"href":"https:\/\/www.phmprods.com\/prod\/wp-json\/wp\/v2\/pages\/55\/revisions"}],"predecessor-version":[{"id":457,"href":"https:\/\/www.phmprods.com\/prod\/wp-json\/wp\/v2\/pages\/55\/revisions\/457"}],"wp:featuredmedia":[{"embeddable":true,"href":"https:\/\/www.phmprods.com\/prod\/wp-json\/wp\/v2\/media\/73"}],"wp:attachment":[{"href":"https:\/\/www.phmprods.com\/prod\/wp-json\/wp\/v2\/media?parent=55"}],"curies":[{"name":"wp","href":"https:\/\/api.w.org\/{rel}","templated":true}]}}