{"id":391,"date":"2022-04-20T23:12:18","date_gmt":"2022-04-20T21:12:18","guid":{"rendered":"https:\/\/www.phmprods.com\/prod\/?page_id=391"},"modified":"2022-05-03T14:07:36","modified_gmt":"2022-05-03T12:07:36","slug":"studio-denregistrement","status":"publish","type":"page","link":"https:\/\/www.phmprods.com\/prod\/studio-denregistrement\/","title":{"rendered":"Studio d&#8217;enregistrement"},"content":{"rendered":"<ul>\n<li><a href=\"#table_mixage&quot;\"><strong>Les tables de mixage-Carte son<\/strong><\/a><\/li>\n<li><a href=\"#shure_sm58&quot;\"><strong>Micro SM58 &#8211; SHURE<\/strong><\/a><\/li>\n<li><a href=\"#shure_sm57&quot;\"><strong>Micro SM 57 &#8211; SHURE<\/strong><\/a><\/li>\n<li><a href=\"#zoom_h6&quot;\"><strong>Micro ZOOM H6<\/strong><\/a><\/li>\n<li><a href=\"#akg_cgn&quot;\"><strong>Micro AKG CGN\u00a0<\/strong><\/a><\/li>\n<\/ul>\n<h1 id=\"#logiciels_montage\">Les logiciels<\/h1>\n<ul>\n<li><a href=\"http:\/\/www.phmprods.com\/prod\/wp-content\/uploads\/2022\/04\/studio-one.jpg\"><img loading=\"lazy\" class=\"alignnone size-full wp-image-256\" src=\"http:\/\/www.phmprods.com\/prod\/wp-content\/uploads\/2022\/04\/studio-one.jpg\" alt=\"\" width=\"2000\" height=\"1125\" srcset=\"https:\/\/www.phmprods.com\/prod\/wp-content\/uploads\/2022\/04\/studio-one.jpg 2000w, https:\/\/www.phmprods.com\/prod\/wp-content\/uploads\/2022\/04\/studio-one-300x169.jpg 300w, https:\/\/www.phmprods.com\/prod\/wp-content\/uploads\/2022\/04\/studio-one-1024x576.jpg 1024w, https:\/\/www.phmprods.com\/prod\/wp-content\/uploads\/2022\/04\/studio-one-768x432.jpg 768w, https:\/\/www.phmprods.com\/prod\/wp-content\/uploads\/2022\/04\/studio-one-1536x864.jpg 1536w, https:\/\/www.phmprods.com\/prod\/wp-content\/uploads\/2022\/04\/studio-one-1320x743.jpg 1320w\" sizes=\"(max-width: 767px) 89vw, (max-width: 1000px) 54vw, (max-width: 1071px) 543px, 580px\" \/><\/a><\/li>\n<li>Pour enregistrer, traiter, mixer, nous utilisons le logiciel professionnel <strong>STUDIO ONE 5<\/strong>,<\/li>\n<li>Nous pouvons personnaliser votre bande son avec une musique enti\u00e8rement compos\u00e9e ou arrang\u00e9e, cr\u00e9er des bruitages, utiliser les sons de votre environnement pour en faire votre jingle.<\/li>\n<\/ul>\n<h1 id=\"#table_mixage\">Les tables de mixage &#8211; Carte son<\/h1>\n<ul>\n<li>Selon la configuration, nous pouvons enregistrer avec la table de mixage <strong>SOUNDCRAFT<\/strong> ou la <strong>M-AUDIO<\/strong> ou encore le <strong>ZOOM H6<\/strong>.<\/li>\n<\/ul>\n<p><a href=\"http:\/\/www.phmprods.com\/prod\/wp-content\/uploads\/2022\/04\/SOUNDCRAFTSIGNATURE22MTK.jpg\"><img loading=\"lazy\" class=\"alignnone size-full wp-image-257\" src=\"http:\/\/www.phmprods.com\/prod\/wp-content\/uploads\/2022\/04\/SOUNDCRAFTSIGNATURE22MTK.jpg\" alt=\"\" width=\"1286\" height=\"800\" srcset=\"https:\/\/www.phmprods.com\/prod\/wp-content\/uploads\/2022\/04\/SOUNDCRAFTSIGNATURE22MTK.jpg 1286w, https:\/\/www.phmprods.com\/prod\/wp-content\/uploads\/2022\/04\/SOUNDCRAFTSIGNATURE22MTK-300x187.jpg 300w, https:\/\/www.phmprods.com\/prod\/wp-content\/uploads\/2022\/04\/SOUNDCRAFTSIGNATURE22MTK-1024x637.jpg 1024w, https:\/\/www.phmprods.com\/prod\/wp-content\/uploads\/2022\/04\/SOUNDCRAFTSIGNATURE22MTK-768x478.jpg 768w\" sizes=\"(max-width: 767px) 89vw, (max-width: 1000px) 54vw, (max-width: 1071px) 543px, 580px\" \/><\/a><\/p>\n<ul>\n<li>Les diff\u00e9rentes cartes son s&#8217;adapteront \u00e0 votre projet ( nombre de pistes, lieux&#8230;)<\/li>\n<\/ul>\n<h1><img loading=\"lazy\" class=\"alignnone wp-image-420\" src=\"http:\/\/www.phmprods.com\/prod\/wp-content\/uploads\/2022\/04\/m-audio-projectmix-i-o-45782-300x272.jpg\" alt=\"\" width=\"629\" height=\"570\" srcset=\"https:\/\/www.phmprods.com\/prod\/wp-content\/uploads\/2022\/04\/m-audio-projectmix-i-o-45782-300x272.jpg 300w, https:\/\/www.phmprods.com\/prod\/wp-content\/uploads\/2022\/04\/m-audio-projectmix-i-o-45782-1024x930.jpg 1024w, https:\/\/www.phmprods.com\/prod\/wp-content\/uploads\/2022\/04\/m-audio-projectmix-i-o-45782-1536x1395.jpg 1536w, https:\/\/www.phmprods.com\/prod\/wp-content\/uploads\/2022\/04\/m-audio-projectmix-i-o-45782-1320x1199.jpg 1320w, https:\/\/www.phmprods.com\/prod\/wp-content\/uploads\/2022\/04\/m-audio-projectmix-i-o-45782.jpg 2028w\" sizes=\"(max-width: 629px) 100vw, 629px\" \/><\/h1>\n<h1>Micros de captation<\/h1>\n<p>Pour r\u00e9ussir une bonne prise de son, il faut tenir compte de plusieurs crit\u00e8res :<\/p>\n<ul>\n<li style=\"list-style-type: none;\">\n<ul>\n<li>L&#8217;environnement,<\/li>\n<li>Le timbre de la voix,<\/li>\n<li>Le style recherch\u00e9 (studio ou live),<\/li>\n<li>Le but (chant ou voix off, instruments)<\/li>\n<\/ul>\n<\/li>\n<\/ul>\n<p>Nous utiliserons donc diff\u00e9rents micros selon le besoin. En voici quelques exemples :<\/p>\n<h3 id=\"#shure_sm58\"><strong>Micro SM58 &#8211; SHURE<\/strong><\/h3>\n<p><img loading=\"lazy\" class=\"wp-image-216 alignleft\" src=\"http:\/\/www.phmprods.com\/prod\/wp-content\/uploads\/2022\/04\/SM-58.jpg\" alt=\"\" width=\"196\" height=\"196\" srcset=\"https:\/\/www.phmprods.com\/prod\/wp-content\/uploads\/2022\/04\/SM-58.jpg 600w, https:\/\/www.phmprods.com\/prod\/wp-content\/uploads\/2022\/04\/SM-58-300x300.jpg 300w, https:\/\/www.phmprods.com\/prod\/wp-content\/uploads\/2022\/04\/SM-58-150x150.jpg 150w, https:\/\/www.phmprods.com\/prod\/wp-content\/uploads\/2022\/04\/SM-58-100x100.jpg 100w\" sizes=\"(max-width: 196px) 100vw, 196px\" \/><\/p>\n<p>&nbsp;<\/p>\n<ul>\n<li class=\"fx-list__item list-item fx-list__item--circle\"><span class=\"fx-text fx-text--plus list-item__text\">Microphone de chant dynamique<\/span><\/li>\n<li class=\"fx-list__item list-item fx-list__item--circle\"><span class=\"fx-text fx-text--plus list-item__text\">Version sans interrupteur marche\/arr\u00eat<\/span><\/li>\n<li class=\"fx-list__item list-item fx-list__item--circle\"><span class=\"fx-text fx-text--plus list-item__text\">Directivit\u00e9: Cardio\u00efde<\/span><\/li>\n<li class=\"fx-list__item list-item fx-list__item--circle\"><span class=\"fx-text fx-text--plus list-item__text\">R\u00e9ponse en fr\u00e9quence: 50 &#8211; 15.000 Hz<\/span><\/li>\n<\/ul>\n<p><span class=\"fx-text fx-text--plus list-item__text\">Sensibilit\u00e9: -56 dBV\/Pa (1,85 mV)<\/span><img loading=\"lazy\" class=\"alignnone size-full wp-image-219 aligncenter\" src=\"http:\/\/www.phmprods.com\/prod\/wp-content\/uploads\/2022\/04\/Explication-SM-58.png\" alt=\"\" width=\"949\" height=\"577\" srcset=\"https:\/\/www.phmprods.com\/prod\/wp-content\/uploads\/2022\/04\/Explication-SM-58.png 949w, https:\/\/www.phmprods.com\/prod\/wp-content\/uploads\/2022\/04\/Explication-SM-58-300x182.png 300w, https:\/\/www.phmprods.com\/prod\/wp-content\/uploads\/2022\/04\/Explication-SM-58-768x467.png 768w\" sizes=\"(max-width: 767px) 89vw, (max-width: 1000px) 54vw, (max-width: 1071px) 543px, 580px\" \/><\/p>\n<h3><strong>Micro BETA 57 &#8211; SHURE<\/strong><\/h3>\n<p><img loading=\"lazy\" class=\"wp-image-223 alignleft\" src=\"http:\/\/www.phmprods.com\/prod\/wp-content\/uploads\/2022\/04\/BETA-57.jpeg\" alt=\"\" width=\"205\" height=\"274\" srcset=\"https:\/\/www.phmprods.com\/prod\/wp-content\/uploads\/2022\/04\/BETA-57.jpeg 300w, https:\/\/www.phmprods.com\/prod\/wp-content\/uploads\/2022\/04\/BETA-57-225x300.jpeg 225w\" sizes=\"(max-width: 205px) 100vw, 205px\" \/><\/p>\n<p>&nbsp;<\/p>\n<ul class=\"fx-list product-text__list\">\n<li class=\"fx-list__item list-item fx-list__item--circle\"><span class=\"fx-text fx-text--plus list-item__text\">Optimis\u00e9 pour le chant, tom de batterie, baffle guitare et cuivre<\/span><\/li>\n<li class=\"fx-list__item list-item fx-list__item--circle\"><span class=\"fx-text fx-text--plus list-item__text\">Directivit\u00e9: Supercardio\u00efde<\/span><\/li>\n<li class=\"fx-list__item list-item fx-list__item--circle\"><span class=\"fx-text fx-text--plus list-item__text\">R\u00e9ponse en fr\u00e9quence: 50 Hz &#8211; 16 kHz<\/span><\/li>\n<li class=\"fx-list__item list-item fx-list__item--circle\"><span class=\"fx-text fx-text--plus list-item__text\">Imp\u00e9dance de sortie: 150 Ohm<\/span><\/li>\n<\/ul>\n<p>&nbsp;<\/p>\n<p>&nbsp;<\/p>\n<h3 id=\"#shure_sm57\"><strong>Micro SM 57 &#8211; SHURE<\/strong><\/h3>\n<p><img loading=\"lazy\" class=\"wp-image-224 alignleft\" src=\"http:\/\/www.phmprods.com\/prod\/wp-content\/uploads\/2022\/04\/SM-57.jpg\" alt=\"\" width=\"204\" height=\"204\" srcset=\"https:\/\/www.phmprods.com\/prod\/wp-content\/uploads\/2022\/04\/SM-57.jpg 600w, https:\/\/www.phmprods.com\/prod\/wp-content\/uploads\/2022\/04\/SM-57-300x300.jpg 300w, https:\/\/www.phmprods.com\/prod\/wp-content\/uploads\/2022\/04\/SM-57-150x150.jpg 150w, https:\/\/www.phmprods.com\/prod\/wp-content\/uploads\/2022\/04\/SM-57-100x100.jpg 100w\" sizes=\"(max-width: 204px) 100vw, 204px\" \/><\/p>\n<ul class=\"fx-list product-text__list\">\n<li>Id\u00e9al pour les caisses claires et autres percussions, guitare \u00e9lectrique et certainement beaucoup plus encore.<\/li>\n<li class=\"fx-list__item list-item fx-list__item--circle\"><span class=\"fx-text fx-text--plus list-item__text\">Directivit\u00e9: cardio\u00efde<\/span><\/li>\n<li class=\"fx-list__item list-item fx-list__item--circle\"><span class=\"fx-text fx-text--plus list-item__text\">R\u00e9ponse en fr\u00e9quence: 40 Hz &#8211; 15 kHz<\/span><\/li>\n<li class=\"fx-list__item list-item fx-list__item--circle\"><span class=\"fx-text fx-text--plus list-item__text\">SPL max: 94 SPL<\/span><\/li>\n<li class=\"fx-list__item list-item fx-list__item--circle\"><span class=\"fx-text fx-text--plus list-item__text\">Sensibilit\u00e9: -56,0 dBV \/ Pa (1,6 mV)<\/span><\/li>\n<li class=\"fx-list__item list-item fx-list__item--circle\"><span class=\"fx-text fx-text--plus list-item__text\">Imp\u00e9dance: 310 Ohm<\/span><\/li>\n<\/ul>\n<h3><strong>Micro NEUMANN 84 i<\/strong><\/h3>\n<p><img loading=\"lazy\" class=\"wp-image-227 alignleft\" src=\"http:\/\/www.phmprods.com\/prod\/wp-content\/uploads\/2022\/04\/Neumann-84-i.jpg\" alt=\"\" width=\"204\" height=\"136\" \/><\/p>\n<ul class=\"fx-list product-text__list\">\n<li>Les Km 84 i de Neumann sont des micros sur lesquels on peut compter en toutes situations, que ce soit pour enregistrer des ambiances, de grands ensembles classiques.<\/li>\n<li>R\u00e9aliser des prises de son de proximit\u00e9\n<ul class=\"fx-list product-text__list\">\n<li><span class=\"fx-text fx-text--plus list-item__text\">2x KM 184 cardio\u00efde appair\u00e9s<\/span><\/li>\n<li><span class=\"fx-text fx-text--plus list-item__text\">\u00a02x bonnettes WNS100<\/span><\/li>\n<\/ul>\n<h3 id=\"#zoom_h6\"><strong>Micro ZOOM H6<\/strong><\/h3>\n<p><img loading=\"lazy\" class=\"wp-image-230 alignleft\" src=\"http:\/\/www.phmprods.com\/prod\/wp-content\/uploads\/2022\/04\/zoom-h6.jpg\" alt=\"\" width=\"205\" height=\"205\" srcset=\"https:\/\/www.phmprods.com\/prod\/wp-content\/uploads\/2022\/04\/zoom-h6.jpg 225w, https:\/\/www.phmprods.com\/prod\/wp-content\/uploads\/2022\/04\/zoom-h6-150x150.jpg 150w, https:\/\/www.phmprods.com\/prod\/wp-content\/uploads\/2022\/04\/zoom-h6-100x100.jpg 100w\" sizes=\"(max-width: 205px) 100vw, 205px\" \/><\/p>\n<ul class=\"fx-list product-text__list\">\n<li>Id\u00e9al pour de l&#8217;enregistrement en ext\u00e9rieur ou int\u00e9rieur, interview.<\/li>\n<li class=\"fx-list__item list-item fx-list__item--circle\"><span class=\"fx-text fx-text--plus list-item__text\">Qualit\u00e9 d&#8217;enregistrement maximale : 24 bit \/ 96 kHz<\/span><\/li>\n<li class=\"fx-list__item list-item fx-list__item--circle\"><span class=\"fx-text fx-text--plus list-item__text\">Jusqu&#8217;\u00e0 6 canaux peuvent \u00eatre enregistr\u00e9s simultan\u00e9ment<\/span><\/li>\n<li class=\"fx-list__item list-item fx-list__item--circle\"><span class=\"fx-text fx-text--plus list-item__text\">Capsule microphonique X\/Y XYH-6\u00a0<\/span><\/li>\n<li class=\"fx-list__item list-item fx-list__item--circle\"><span class=\"fx-text fx-text--plus list-item__text\">Microphones \u00e0 pince interchangeables\u00a0<\/span><\/li>\n<li class=\"fx-list__item list-item fx-list__item--circle\"><span class=\"fx-text fx-text--plus list-item__text\">4x entr\u00e9es Micro \/ Ligne\u00a0<\/span><\/li>\n<\/ul>\n<h3 id=\"#akg_cgn\"><strong>Micro AKG CGN\u00a0<\/strong><\/h3>\n<p><a href=\"http:\/\/www.phmprods.com\/prod\/wp-content\/uploads\/2022\/04\/CGN_conference.png\"><img loading=\"lazy\" class=\"wp-image-280 alignleft\" src=\"http:\/\/www.phmprods.com\/prod\/wp-content\/uploads\/2022\/04\/CGN_conference.png\" alt=\"\" width=\"209\" height=\"433\" srcset=\"https:\/\/www.phmprods.com\/prod\/wp-content\/uploads\/2022\/04\/CGN_conference.png 1664w, https:\/\/www.phmprods.com\/prod\/wp-content\/uploads\/2022\/04\/CGN_conference-145x300.png 145w, https:\/\/www.phmprods.com\/prod\/wp-content\/uploads\/2022\/04\/CGN_conference-494x1024.png 494w, https:\/\/www.phmprods.com\/prod\/wp-content\/uploads\/2022\/04\/CGN_conference-768x1591.png 768w, https:\/\/www.phmprods.com\/prod\/wp-content\/uploads\/2022\/04\/CGN_conference-741x1536.png 741w, https:\/\/www.phmprods.com\/prod\/wp-content\/uploads\/2022\/04\/CGN_conference-988x2048.png 988w, https:\/\/www.phmprods.com\/prod\/wp-content\/uploads\/2022\/04\/CGN_conference-1320x2735.png 1320w\" sizes=\"(max-width: 209px) 100vw, 209px\" \/><\/a><\/p>\n<p>&nbsp;<\/p>\n<p>&nbsp;<\/p>\n<ul>\n<li style=\"list-style-type: none;\">\n<ul>\n<li style=\"list-style-type: none;\">\n<ul class=\"fx-list product-text__list\">\n<li style=\"list-style-type: none;\">\n<ul>\n<li style=\"list-style-type: none;\">\n<ul class=\"fx-list product-text__list\">\n<li>Le micro indispensable lors de vos conf\u00e9rences,<\/li>\n<li class=\"fx-list__item list-item fx-list__item--circle\" style=\"text-align: left;\"><span class=\"fx-text fx-text--plus list-item__text\">Directivit\u00e9: cardio\u00efde<\/span><\/li>\n<\/ul>\n<\/li>\n<\/ul>\n<\/li>\n<li class=\"fx-list__item list-item fx-list__item--circle\" style=\"text-align: left;\"><span class=\"fx-text fx-text--plus list-item__text\">R\u00e9ponse en fr\u00e9quence: 70 Hz &#8211; 18 kHz<\/span><\/li>\n<li class=\"fx-list__item list-item fx-list__item--circle\" style=\"text-align: left;\"><span class=\"fx-text fx-text--plus list-item__text\">SPL max: 125 dB<\/span><\/li>\n<li class=\"fx-list__item list-item fx-list__item--circle\" style=\"text-align: left;\"><span class=\"fx-text fx-text--plus list-item__text\">Imp\u00e9dance: 600 Ohm<\/span><\/li>\n<li class=\"fx-list__item list-item fx-list__item--circle\" style=\"text-align: left;\"><span class=\"fx-text fx-text--plus list-item__text\">Angle de captation: 120\u00ba<\/span><\/li>\n<li class=\"fx-list__item list-item fx-list__item--circle\" style=\"text-align: left;\"><span class=\"fx-text fx-text--plus list-item__text\">N\u00e9cessite une alimentation Phantom 9-52 Vol<\/span><\/li>\n<\/ul>\n<\/li>\n<\/ul>\n<\/li>\n<\/ul>\n<p>&nbsp;<\/p>\n","protected":false},"excerpt":{"rendered":"<p>Les tables de mixage-Carte son Micro SM58 &#8211; SHURE Micro SM 57 &#8211; SHURE Micro ZOOM H6 Micro AKG CGN\u00a0 Les logiciels Pour enregistrer, traiter, mixer, nous utilisons le logiciel professionnel STUDIO ONE 5, Nous pouvons personnaliser votre bande son avec une musique enti\u00e8rement compos\u00e9e ou arrang\u00e9e, cr\u00e9er des bruitages, utiliser les sons de votre &hellip; <\/p>\n<p class=\"link-more\"><a href=\"https:\/\/www.phmprods.com\/prod\/studio-denregistrement\/\" class=\"more-link\">Continue reading<span class=\"screen-reader-text\"> &#8220;Studio d&#8217;enregistrement&#8221;<\/span><\/a><\/p>\n","protected":false},"author":2,"featured_media":0,"parent":0,"menu_order":0,"comment_status":"closed","ping_status":"closed","template":"","meta":[],"_links":{"self":[{"href":"https:\/\/www.phmprods.com\/prod\/wp-json\/wp\/v2\/pages\/391"}],"collection":[{"href":"https:\/\/www.phmprods.com\/prod\/wp-json\/wp\/v2\/pages"}],"about":[{"href":"https:\/\/www.phmprods.com\/prod\/wp-json\/wp\/v2\/types\/page"}],"author":[{"embeddable":true,"href":"https:\/\/www.phmprods.com\/prod\/wp-json\/wp\/v2\/users\/2"}],"replies":[{"embeddable":true,"href":"https:\/\/www.phmprods.com\/prod\/wp-json\/wp\/v2\/comments?post=391"}],"version-history":[{"count":14,"href":"https:\/\/www.phmprods.com\/prod\/wp-json\/wp\/v2\/pages\/391\/revisions"}],"predecessor-version":[{"id":448,"href":"https:\/\/www.phmprods.com\/prod\/wp-json\/wp\/v2\/pages\/391\/revisions\/448"}],"wp:attachment":[{"href":"https:\/\/www.phmprods.com\/prod\/wp-json\/wp\/v2\/media?parent=391"}],"curies":[{"name":"wp","href":"https:\/\/api.w.org\/{rel}","templated":true}]}}