{"id":386,"date":"2022-04-20T22:08:09","date_gmt":"2022-04-20T20:08:09","guid":{"rendered":"https:\/\/www.phmprods.com\/prod\/?page_id=386"},"modified":"2022-05-10T20:23:31","modified_gmt":"2022-05-10T18:23:31","slug":"studio-de-montage","status":"publish","type":"page","link":"https:\/\/www.phmprods.com\/prod\/studio-de-montage\/","title":{"rendered":"Studio de montage"},"content":{"rendered":"<ul>\n<li><a href=\"#logiciels_montage\"><strong>Les logiciels<\/strong><\/a><\/li>\n<li><a href=\"#camera_bmpcc\"><strong>Cam\u00e9ra BMPCC 4K<\/strong><\/a><\/li>\n<li><a href=\"#drone_mavic_pro\"><strong>Drone MAVIC PRO 2<\/strong><\/a><\/li>\n<li><a href=\"#panasonic_gh5s\"><strong>Panasonic GH5S<\/strong><\/a><\/li>\n<li><a href=\"#bridge_nikon\"><strong>Bridge NIKON coolpix P1000<\/strong><\/a><\/li>\n<li><a href=\"#fond_vert\"><strong>Le fond vert<\/strong><\/a><\/li>\n<li><a href=\"#jeu_lumieres\"><strong>Jeu de lumi\u00e8re Studio<\/strong><\/a><\/li>\n<\/ul>\n<h1 id=\"logiciels_montage\">Les logiciels<\/h1>\n<p><a href=\"http:\/\/www.phmprods.com\/prod\/wp-content\/uploads\/2022\/04\/davinci-1.jpg\"><img loading=\"lazy\" class=\"alignnone size-full wp-image-263\" src=\"http:\/\/www.phmprods.com\/prod\/wp-content\/uploads\/2022\/04\/davinci-1.jpg\" alt=\"\" width=\"1963\" height=\"1087\" srcset=\"https:\/\/www.phmprods.com\/prod\/wp-content\/uploads\/2022\/04\/davinci-1.jpg 1963w, https:\/\/www.phmprods.com\/prod\/wp-content\/uploads\/2022\/04\/davinci-1-300x166.jpg 300w, https:\/\/www.phmprods.com\/prod\/wp-content\/uploads\/2022\/04\/davinci-1-1024x567.jpg 1024w, https:\/\/www.phmprods.com\/prod\/wp-content\/uploads\/2022\/04\/davinci-1-768x425.jpg 768w, https:\/\/www.phmprods.com\/prod\/wp-content\/uploads\/2022\/04\/davinci-1-1536x851.jpg 1536w, https:\/\/www.phmprods.com\/prod\/wp-content\/uploads\/2022\/04\/davinci-1-1320x731.jpg 1320w\" sizes=\"(max-width: 767px) 89vw, (max-width: 1000px) 54vw, (max-width: 1071px) 543px, 580px\" \/><\/a><\/p>\n<ul>\n<li><strong>DaVinci Resolve Studio 17\u00a0<\/strong>est un logiciel puissant, nous permettant de faire le montage dynamique de votre documentaire, clip ou vid\u00e9o Youtube.<\/li>\n<li>Un logiciel complet dans les effets, les transitions, les titres et animations diverses.<\/li>\n<\/ul>\n<p><a href=\"http:\/\/www.phmprods.com\/prod\/wp-content\/uploads\/2022\/04\/color-davinci.jpg\"><img loading=\"lazy\" class=\"alignnone size-full wp-image-264\" src=\"http:\/\/www.phmprods.com\/prod\/wp-content\/uploads\/2022\/04\/color-davinci.jpg\" alt=\"\" width=\"1963\" height=\"1087\" srcset=\"https:\/\/www.phmprods.com\/prod\/wp-content\/uploads\/2022\/04\/color-davinci.jpg 1963w, https:\/\/www.phmprods.com\/prod\/wp-content\/uploads\/2022\/04\/color-davinci-300x166.jpg 300w, https:\/\/www.phmprods.com\/prod\/wp-content\/uploads\/2022\/04\/color-davinci-1024x567.jpg 1024w, https:\/\/www.phmprods.com\/prod\/wp-content\/uploads\/2022\/04\/color-davinci-768x425.jpg 768w, https:\/\/www.phmprods.com\/prod\/wp-content\/uploads\/2022\/04\/color-davinci-1536x851.jpg 1536w, https:\/\/www.phmprods.com\/prod\/wp-content\/uploads\/2022\/04\/color-davinci-1320x731.jpg 1320w\" sizes=\"(max-width: 767px) 89vw, (max-width: 1000px) 54vw, (max-width: 1071px) 543px, 580px\" \/><\/a><\/p>\n<ul>\n<li><strong>DaVinci Resolve Studio 17<\/strong>, c&#8217;est \u00e9galement la colorim\u00e9trie selon votre exigence, et un traitement du son en post-production, sans interm\u00e9diaires.<\/li>\n<li>Les exports correspondront \u00e0 votre moyen de diffusion et communication (MP4, H264, YOUTUBE, VIMEO, MXF, WAVE, MP3)<\/li>\n<\/ul>\n<h1>Cam\u00e9ras &amp; Appareils Photos<\/h1>\n<h3 id=\"camera_bmpcc\"><strong>Cam\u00e9ra BMPCC 4K<\/strong><\/h3>\n<p><a href=\"http:\/\/www.phmprods.com\/prod\/wp-content\/uploads\/2022\/04\/4-blackmagic-pocket-cinema-camera-4k.jpg\"><img loading=\"lazy\" class=\"alignnone size-full wp-image-240\" src=\"http:\/\/www.phmprods.com\/prod\/wp-content\/uploads\/2022\/04\/4-blackmagic-pocket-cinema-camera-4k.jpg\" alt=\"\" width=\"1000\" height=\"547\" srcset=\"https:\/\/www.phmprods.com\/prod\/wp-content\/uploads\/2022\/04\/4-blackmagic-pocket-cinema-camera-4k.jpg 1000w, https:\/\/www.phmprods.com\/prod\/wp-content\/uploads\/2022\/04\/4-blackmagic-pocket-cinema-camera-4k-300x164.jpg 300w, https:\/\/www.phmprods.com\/prod\/wp-content\/uploads\/2022\/04\/4-blackmagic-pocket-cinema-camera-4k-768x420.jpg 768w\" sizes=\"(max-width: 767px) 89vw, (max-width: 1000px) 54vw, (max-width: 1071px) 543px, 580px\" \/><\/a><\/p>\n<p>La Blackmagic Pocket Cinema Camera (BMPCC) est plus qu\u2019une simple cam\u00e9ra, car elle est dot\u00e9e de fonctionnalit\u00e9s professionnelles nous permettant de reproduire le \u00ab look \u00bb des longs-m\u00e9trages hollywoodiens. Elle offre une large plage dynamique, d\u2019incroyables performances en faible luminosit\u00e9 et le Blackmagic RAW pour capturer des teintes de peau pr\u00e9cises et de magnifiques couleurs naturelles. Les mod\u00e8les 4K comprennent des fonctionnalit\u00e9s avanc\u00e9es, dont un grand \u00e9cran LCD 5.<br \/>\nEquip\u00e9 d&#8217;objectifs micro 4\/3 en 12-35 mm, 35-100 mm et 100-400 mm, nous pouvons r\u00e9aliser du documentaire, du clip, du court-m\u00e9trage, vid\u00e9os Youtube, du reportage animalier et bien d&#8217;autres rendus cin\u00e9matographiques.<\/p>\n<h3 id=\"drone_mavic_pro\"><strong>MAVIC PRO 2<\/strong><\/h3>\n<p><img loading=\"lazy\" class=\"alignnone wp-image-293 \" src=\"http:\/\/www.phmprods.com\/prod\/wp-content\/uploads\/2022\/04\/IMG_dji-mavic-2-pro.jpg\" alt=\"\" width=\"470\" height=\"253\" srcset=\"https:\/\/www.phmprods.com\/prod\/wp-content\/uploads\/2022\/04\/IMG_dji-mavic-2-pro.jpg 646w, https:\/\/www.phmprods.com\/prod\/wp-content\/uploads\/2022\/04\/IMG_dji-mavic-2-pro-300x161.jpg 300w\" sizes=\"(max-width: 470px) 100vw, 470px\" \/><\/p>\n<ul>\n<li>L&#8217;originalit\u00e9 est possible avec des plans inattendus gr\u00e2ce \u00e0 la cam\u00e9ra de 20M de pixels, avec une focale \u00e9quivalente \u00e0 35 mm, ouverture f\/2.8-f\/11, embarqu\u00e9 sur le drone DJI-Mavic pro 2<\/li>\n<li>Les travellings, les trackings,\u00a0 les vues a\u00e9riennes dynamiseront comme jamais vos vid\u00e9os.<\/li>\n<\/ul>\n<h3 id=\"panasonic_gh5s\"><strong>Panasonic GH5S<\/strong><\/h3>\n<p><a href=\"http:\/\/www.phmprods.com\/prod\/wp-content\/uploads\/2022\/04\/GH5S.jpg\"><img loading=\"lazy\" class=\"alignnone wp-image-244\" src=\"http:\/\/www.phmprods.com\/prod\/wp-content\/uploads\/2022\/04\/GH5S.jpg\" alt=\"\" width=\"413\" height=\"310\" srcset=\"https:\/\/www.phmprods.com\/prod\/wp-content\/uploads\/2022\/04\/GH5S.jpg 615w, https:\/\/www.phmprods.com\/prod\/wp-content\/uploads\/2022\/04\/GH5S-300x225.jpg 300w\" sizes=\"(max-width: 413px) 100vw, 413px\" \/><\/a><\/p>\n<ul>\n<li>Le LUMIX GH5S nous offre la meilleur qualit\u00e9 d&#8217;image et la sensibilit\u00e9 la plus \u00e9lev\u00e9e de l&#8217;histoire des appareils num\u00e9riques LUMIX<\/li>\n<li>Il est particuli\u00e8rement adapt\u00e9 \u00e0 la cr\u00e9ation de vid\u00e9os professionnelles qui exigent un suivi pr\u00e9cis de l&#8217;imagerie ou un enregistrement de haute qualit\u00e9 sur des dispositifs codec externes (tels que ProRes)<\/li>\n<li>Pour augmenter notre cr\u00e9ativit\u00e9, de nombreux effets sont disponibles sur le LUMIX GH5S. Il nous permet d&#8217;enregistrer des images anim\u00e9es au ralenti (240 ips) ou des acc\u00e9l\u00e9r\u00e9s (2 ips).<\/li>\n<li>Son poids avec l&#8217;objectif 4\/3 en 12-35 mm lui permet d&#8217;\u00eatre install\u00e9 sur notre stabilisateur\u00a0 <strong>RONIN SC<\/strong>, donnant ainsi des plans extraordinaires.<\/li>\n<\/ul>\n<h3 id=\"bridge_nikon\"><strong>NIKON coolpix P1000<\/strong><\/h3>\n<p><a href=\"http:\/\/www.phmprods.com\/prod\/wp-content\/uploads\/2022\/04\/P1000.jpg\"><img loading=\"lazy\" class=\"alignnone wp-image-247\" src=\"http:\/\/www.phmprods.com\/prod\/wp-content\/uploads\/2022\/04\/P1000.jpg\" alt=\"\" width=\"397\" height=\"397\" srcset=\"https:\/\/www.phmprods.com\/prod\/wp-content\/uploads\/2022\/04\/P1000.jpg 1200w, https:\/\/www.phmprods.com\/prod\/wp-content\/uploads\/2022\/04\/P1000-300x300.jpg 300w, https:\/\/www.phmprods.com\/prod\/wp-content\/uploads\/2022\/04\/P1000-1024x1024.jpg 1024w, https:\/\/www.phmprods.com\/prod\/wp-content\/uploads\/2022\/04\/P1000-150x150.jpg 150w, https:\/\/www.phmprods.com\/prod\/wp-content\/uploads\/2022\/04\/P1000-768x768.jpg 768w, https:\/\/www.phmprods.com\/prod\/wp-content\/uploads\/2022\/04\/P1000-100x100.jpg 100w\" sizes=\"(max-width: 397px) 100vw, 397px\" \/><\/a><\/p>\n<ul>\n<li>Nous pouvons enregistrer des s\u00e9quences vid\u00e9o 4K\/UHD remarquables en st\u00e9r\u00e9o.<\/li>\n<li>Filmez le premier vol d&#8217;un aiglon au loin.<\/li>\n<li>Nous enregistrons facilement des films 4K\/UHD 30p ou des vid\u00e9os en Full HD (1080p) \u00e0 des cadences maximales de 60p.<\/li>\n<li>Cr\u00e9ez une s\u00e9quence d&#8217;action rapide mettant en sc\u00e8ne un paysage changeant ou des perspectives uniques. La fonction Vid\u00e9o acc\u00e9l\u00e9r\u00e9e est id\u00e9ale pour l&#8217;enregistrement de paysages c\u00e9lestes, de fil\u00e9s d&#8217;\u00e9toile et du passage de la lune.<\/li>\n<li>Le zoom optique 125x n&#8217;a pas d&#8217;\u00e9quivalent dans le monde. Gr\u00e2ce \u00e0 sa plage de focales de 24\u20133000 mm, l&#8217;extraordinaire n&#8217;est plus inaccessible.<\/li>\n<\/ul>\n<h1>Equipements tournages<\/h1>\n<h3 id=\"fond_vert\"><strong>Le fond vert<\/strong><\/h3>\n<p><a href=\"http:\/\/www.phmprods.com\/prod\/wp-content\/uploads\/2022\/04\/Fond-vert.jpg\"><img loading=\"lazy\" class=\" wp-image-267 alignleft\" src=\"http:\/\/www.phmprods.com\/prod\/wp-content\/uploads\/2022\/04\/Fond-vert.jpg\" alt=\"\" width=\"325\" height=\"228\" \/><\/a><\/p>\n<p>&nbsp;<\/p>\n<ul>\n<li>Cet \u00e9quipement nous permet d&#8217;incruster des d\u00e9cors choisis dans votre projet<\/li>\n<li>Dimension 3m x 2m<\/li>\n<\/ul>\n<p>&nbsp;<\/p>\n<p>&nbsp;<\/p>\n<h3 id=\"jeu_lumieres\"><strong>Jeu de lumi\u00e8re Studio<\/strong><\/h3>\n<p>&nbsp;<\/p>\n<p><a href=\"http:\/\/www.phmprods.com\/prod\/wp-content\/uploads\/2022\/04\/kit-lumiere.jpg\"><img loading=\"lazy\" class=\"alignnone wp-image-269\" src=\"http:\/\/www.phmprods.com\/prod\/wp-content\/uploads\/2022\/04\/kit-lumiere.jpg\" alt=\"\" width=\"326\" height=\"307\" srcset=\"https:\/\/www.phmprods.com\/prod\/wp-content\/uploads\/2022\/04\/kit-lumiere.jpg 478w, https:\/\/www.phmprods.com\/prod\/wp-content\/uploads\/2022\/04\/kit-lumiere-300x282.jpg 300w\" sizes=\"(max-width: 326px) 100vw, 326px\" \/><\/a><\/p>\n","protected":false},"excerpt":{"rendered":"<p>Les logiciels Cam\u00e9ra BMPCC 4K Drone MAVIC PRO 2 Panasonic GH5S Bridge NIKON coolpix P1000 Le fond vert Jeu de lumi\u00e8re Studio Les logiciels DaVinci Resolve Studio 17\u00a0est un logiciel puissant, nous permettant de faire le montage dynamique de votre documentaire, clip ou vid\u00e9o Youtube. Un logiciel complet dans les effets, les transitions, les titres &hellip; <\/p>\n<p class=\"link-more\"><a href=\"https:\/\/www.phmprods.com\/prod\/studio-de-montage\/\" class=\"more-link\">Continue reading<span class=\"screen-reader-text\"> &#8220;Studio de montage&#8221;<\/span><\/a><\/p>\n","protected":false},"author":2,"featured_media":0,"parent":0,"menu_order":0,"comment_status":"closed","ping_status":"closed","template":"","meta":[],"_links":{"self":[{"href":"https:\/\/www.phmprods.com\/prod\/wp-json\/wp\/v2\/pages\/386"}],"collection":[{"href":"https:\/\/www.phmprods.com\/prod\/wp-json\/wp\/v2\/pages"}],"about":[{"href":"https:\/\/www.phmprods.com\/prod\/wp-json\/wp\/v2\/types\/page"}],"author":[{"embeddable":true,"href":"https:\/\/www.phmprods.com\/prod\/wp-json\/wp\/v2\/users\/2"}],"replies":[{"embeddable":true,"href":"https:\/\/www.phmprods.com\/prod\/wp-json\/wp\/v2\/comments?post=386"}],"version-history":[{"count":13,"href":"https:\/\/www.phmprods.com\/prod\/wp-json\/wp\/v2\/pages\/386\/revisions"}],"predecessor-version":[{"id":461,"href":"https:\/\/www.phmprods.com\/prod\/wp-json\/wp\/v2\/pages\/386\/revisions\/461"}],"wp:attachment":[{"href":"https:\/\/www.phmprods.com\/prod\/wp-json\/wp\/v2\/media?parent=386"}],"curies":[{"name":"wp","href":"https:\/\/api.w.org\/{rel}","templated":true}]}}