{"id":206,"date":"2022-04-08T13:56:09","date_gmt":"2022-04-08T11:56:09","guid":{"rendered":"http:\/\/www.phmprods.com\/prod\/?page_id=206"},"modified":"2022-05-05T18:17:42","modified_gmt":"2022-05-05T16:17:42","slug":"tournage-le-deroulement","status":"publish","type":"page","link":"https:\/\/www.phmprods.com\/prod\/tournage-le-deroulement\/","title":{"rendered":"Les \u00e9tapes du montage"},"content":{"rendered":"<h1>Le montage<\/h1>\n<p><a href=\"http:\/\/www.phmprods.com\/prod\/wp-content\/uploads\/2022\/04\/DSC_0338-2-scaled.jpg\"><img loading=\"lazy\" class=\"alignnone size-full wp-image-357\" src=\"http:\/\/www.phmprods.com\/prod\/wp-content\/uploads\/2022\/04\/DSC_0338-2-scaled.jpg\" alt=\"\" width=\"2560\" height=\"1270\" srcset=\"https:\/\/www.phmprods.com\/prod\/wp-content\/uploads\/2022\/04\/DSC_0338-2-scaled.jpg 2560w, https:\/\/www.phmprods.com\/prod\/wp-content\/uploads\/2022\/04\/DSC_0338-2-300x149.jpg 300w, https:\/\/www.phmprods.com\/prod\/wp-content\/uploads\/2022\/04\/DSC_0338-2-1024x508.jpg 1024w, https:\/\/www.phmprods.com\/prod\/wp-content\/uploads\/2022\/04\/DSC_0338-2-768x381.jpg 768w, https:\/\/www.phmprods.com\/prod\/wp-content\/uploads\/2022\/04\/DSC_0338-2-1536x762.jpg 1536w, https:\/\/www.phmprods.com\/prod\/wp-content\/uploads\/2022\/04\/DSC_0338-2-2048x1016.jpg 2048w, https:\/\/www.phmprods.com\/prod\/wp-content\/uploads\/2022\/04\/DSC_0338-2-1320x655.jpg 1320w\" sizes=\"(max-width: 767px) 89vw, (max-width: 1000px) 54vw, (max-width: 1071px) 543px, 580px\" \/><\/a><\/p>\n<p><span style=\"font-size: 1rem;\">Vous trouverez ici toutes les \u00e9tapes primordiales pour la r\u00e9alisation du montage de votre projet.<br \/>\nPour aboutir \u00e0 une vid\u00e9o finale, vous aurez un aper\u00e7u de chaque phase permettant de r\u00e9aliser votre id\u00e9e. Pour ne citer que quelques-unes :<\/span><\/p>\n<p><a href=\"http:\/\/www.phmprods.com\/prod\/wp-content\/uploads\/2022\/04\/davinci_01.jpg\"><img loading=\"lazy\" class=\"wp-image-365 alignleft\" src=\"http:\/\/www.phmprods.com\/prod\/wp-content\/uploads\/2022\/04\/davinci_01.jpg\" alt=\"\" width=\"320\" height=\"180\" srcset=\"https:\/\/www.phmprods.com\/prod\/wp-content\/uploads\/2022\/04\/davinci_01.jpg 1920w, https:\/\/www.phmprods.com\/prod\/wp-content\/uploads\/2022\/04\/davinci_01-300x169.jpg 300w, https:\/\/www.phmprods.com\/prod\/wp-content\/uploads\/2022\/04\/davinci_01-1024x576.jpg 1024w, https:\/\/www.phmprods.com\/prod\/wp-content\/uploads\/2022\/04\/davinci_01-768x432.jpg 768w, https:\/\/www.phmprods.com\/prod\/wp-content\/uploads\/2022\/04\/davinci_01-1536x864.jpg 1536w, https:\/\/www.phmprods.com\/prod\/wp-content\/uploads\/2022\/04\/davinci_01-1320x743.jpg 1320w\" sizes=\"(max-width: 320px) 100vw, 320px\" \/><\/a><\/p>\n<p>Cr\u00e9ation de la<em><strong> Timeline<\/strong><\/em> avec les plans des s\u00e9quences choisis,<br \/>\nRespect du d\u00e9roul\u00e9 de la\u00a0 trame de &#8220;l&#8217;histoire&#8221;,<br \/>\nTraitement de la bande sonore<\/p>\n<p>&nbsp;<\/p>\n<p><a href=\"http:\/\/www.phmprods.com\/prod\/wp-content\/uploads\/2022\/04\/Nico-2-scaled.jpg\"><img loading=\"lazy\" class=\"wp-image-258 alignleft\" src=\"http:\/\/www.phmprods.com\/prod\/wp-content\/uploads\/2022\/04\/Nico-2-scaled.jpg\" alt=\"\" width=\"325\" height=\"215\" srcset=\"https:\/\/www.phmprods.com\/prod\/wp-content\/uploads\/2022\/04\/Nico-2-scaled.jpg 2560w, https:\/\/www.phmprods.com\/prod\/wp-content\/uploads\/2022\/04\/Nico-2-300x199.jpg 300w, https:\/\/www.phmprods.com\/prod\/wp-content\/uploads\/2022\/04\/Nico-2-1024x680.jpg 1024w, https:\/\/www.phmprods.com\/prod\/wp-content\/uploads\/2022\/04\/Nico-2-768x510.jpg 768w, https:\/\/www.phmprods.com\/prod\/wp-content\/uploads\/2022\/04\/Nico-2-1536x1020.jpg 1536w, https:\/\/www.phmprods.com\/prod\/wp-content\/uploads\/2022\/04\/Nico-2-2048x1360.jpg 2048w, https:\/\/www.phmprods.com\/prod\/wp-content\/uploads\/2022\/04\/Nico-2-1320x877.jpg 1320w\" sizes=\"(max-width: 325px) 100vw, 325px\" \/><\/a><\/p>\n<p>Vous pouvez choisir une musique libre de droit ou vous d\u00e9marquer encore plus avec une <em><strong>musique unique compos\u00e9e<\/strong><\/em> pour votre projet.<\/p>\n<p>&nbsp;<\/p>\n<p>&nbsp;<\/p>\n<p><a href=\"http:\/\/www.phmprods.com\/prod\/wp-content\/uploads\/2022\/04\/Isabelle.jpg\"><img loading=\"lazy\" class=\"wp-image-259 alignleft\" src=\"http:\/\/www.phmprods.com\/prod\/wp-content\/uploads\/2022\/04\/Isabelle.jpg\" alt=\"\" width=\"286\" height=\"286\" srcset=\"https:\/\/www.phmprods.com\/prod\/wp-content\/uploads\/2022\/04\/Isabelle.jpg 180w, https:\/\/www.phmprods.com\/prod\/wp-content\/uploads\/2022\/04\/Isabelle-150x150.jpg 150w, https:\/\/www.phmprods.com\/prod\/wp-content\/uploads\/2022\/04\/Isabelle-100x100.jpg 100w\" sizes=\"(max-width: 286px) 100vw, 286px\" \/><\/a><\/p>\n<p>&nbsp;<\/p>\n<p>Enregistrement des<em><strong> bruitages<\/strong><\/em>, des <em><strong>effets<\/strong><\/em> et de<em> <strong>la voix off<\/strong><\/em> (si pr\u00e9sente)<\/p>\n<p>Cr\u00e9ation des sous-titres<\/p>\n<p>Cr\u00e9ation du <em><strong>g\u00e9n\u00e9rique<\/strong><\/em><\/p>\n<p>&nbsp;<\/p>\n<p>&nbsp;<\/p>\n<p><a href=\"http:\/\/www.phmprods.com\/prod\/wp-content\/uploads\/2022\/04\/da-vinci-logiciel-1050x591-1.png\"><img loading=\"lazy\" class=\"wp-image-363 alignleft\" src=\"http:\/\/www.phmprods.com\/prod\/wp-content\/uploads\/2022\/04\/da-vinci-logiciel-1050x591-1.png\" alt=\"\" width=\"331\" height=\"186\" srcset=\"https:\/\/www.phmprods.com\/prod\/wp-content\/uploads\/2022\/04\/da-vinci-logiciel-1050x591-1.png 1050w, https:\/\/www.phmprods.com\/prod\/wp-content\/uploads\/2022\/04\/da-vinci-logiciel-1050x591-1-300x169.png 300w, https:\/\/www.phmprods.com\/prod\/wp-content\/uploads\/2022\/04\/da-vinci-logiciel-1050x591-1-1024x576.png 1024w, https:\/\/www.phmprods.com\/prod\/wp-content\/uploads\/2022\/04\/da-vinci-logiciel-1050x591-1-768x432.png 768w\" sizes=\"(max-width: 331px) 100vw, 331px\" \/><\/a><\/p>\n<p>&nbsp;<\/p>\n<p>L&#8217;ambiance globale de votre vid\u00e9o sera d\u00e9finie par le choix de la<em> <strong>colorim\u00e9trie<\/strong>.<\/em><\/p>\n<p>&nbsp;<\/p>\n<p>&nbsp;<\/p>\n<ul>\n<li><strong>Le projet sera soumis \u00e0 une validation de votre part avant l&#8217;exportation finale.<\/strong><\/li>\n<\/ul>\n","protected":false},"excerpt":{"rendered":"<p>Le montage Vous trouverez ici toutes les \u00e9tapes primordiales pour la r\u00e9alisation du montage de votre projet. Pour aboutir \u00e0 une vid\u00e9o finale, vous aurez un aper\u00e7u de chaque phase permettant de r\u00e9aliser votre id\u00e9e. Pour ne citer que quelques-unes : Cr\u00e9ation de la Timeline avec les plans des s\u00e9quences choisis, Respect du d\u00e9roul\u00e9 de &hellip; <\/p>\n<p class=\"link-more\"><a href=\"https:\/\/www.phmprods.com\/prod\/tournage-le-deroulement\/\" class=\"more-link\">Continue reading<span class=\"screen-reader-text\"> &#8220;Les \u00e9tapes du montage&#8221;<\/span><\/a><\/p>\n","protected":false},"author":4,"featured_media":0,"parent":0,"menu_order":0,"comment_status":"closed","ping_status":"closed","template":"","meta":[],"_links":{"self":[{"href":"https:\/\/www.phmprods.com\/prod\/wp-json\/wp\/v2\/pages\/206"}],"collection":[{"href":"https:\/\/www.phmprods.com\/prod\/wp-json\/wp\/v2\/pages"}],"about":[{"href":"https:\/\/www.phmprods.com\/prod\/wp-json\/wp\/v2\/types\/page"}],"author":[{"embeddable":true,"href":"https:\/\/www.phmprods.com\/prod\/wp-json\/wp\/v2\/users\/4"}],"replies":[{"embeddable":true,"href":"https:\/\/www.phmprods.com\/prod\/wp-json\/wp\/v2\/comments?post=206"}],"version-history":[{"count":20,"href":"https:\/\/www.phmprods.com\/prod\/wp-json\/wp\/v2\/pages\/206\/revisions"}],"predecessor-version":[{"id":456,"href":"https:\/\/www.phmprods.com\/prod\/wp-json\/wp\/v2\/pages\/206\/revisions\/456"}],"wp:attachment":[{"href":"https:\/\/www.phmprods.com\/prod\/wp-json\/wp\/v2\/media?parent=206"}],"curies":[{"name":"wp","href":"https:\/\/api.w.org\/{rel}","templated":true}]}}