{"id":201,"date":"2022-04-08T13:36:30","date_gmt":"2022-04-08T11:36:30","guid":{"rendered":"http:\/\/www.phmprods.com\/prod\/?page_id=201"},"modified":"2025-04-17T16:12:22","modified_gmt":"2025-04-17T14:12:22","slug":"mon-materiel","status":"publish","type":"page","link":"https:\/\/www.phmprods.com\/prod\/mon-materiel\/","title":{"rendered":"Mon mat\u00e9riel"},"content":{"rendered":"<h1>Studio de montage<\/h1>\n<p><a href=\"http:\/\/www.phmprods.com\/prod\/wp-content\/uploads\/2022\/04\/davinci-1.jpg\"><img loading=\"lazy\" class=\"alignnone size-full wp-image-263\" src=\"http:\/\/www.phmprods.com\/prod\/wp-content\/uploads\/2022\/04\/davinci-1.jpg\" alt=\"\" width=\"1963\" height=\"1087\" srcset=\"https:\/\/www.phmprods.com\/prod\/wp-content\/uploads\/2022\/04\/davinci-1.jpg 1963w, https:\/\/www.phmprods.com\/prod\/wp-content\/uploads\/2022\/04\/davinci-1-300x166.jpg 300w, https:\/\/www.phmprods.com\/prod\/wp-content\/uploads\/2022\/04\/davinci-1-1024x567.jpg 1024w, https:\/\/www.phmprods.com\/prod\/wp-content\/uploads\/2022\/04\/davinci-1-768x425.jpg 768w, https:\/\/www.phmprods.com\/prod\/wp-content\/uploads\/2022\/04\/davinci-1-1536x851.jpg 1536w, https:\/\/www.phmprods.com\/prod\/wp-content\/uploads\/2022\/04\/davinci-1-1320x731.jpg 1320w\" sizes=\"(max-width: 767px) 89vw, (max-width: 1000px) 54vw, (max-width: 1071px) 543px, 580px\" \/><\/a><\/p>\n<ul>\n<li><strong>DaVinci Resolve Studio 19 <\/strong>est un logiciel puissant, nous permettant de faire le montage dynamique de votre documentaire, clip ou vid\u00e9o Youtube.<\/li>\n<li>Un logiciel complet dans les effets, les transitions, les titres et animations diverses.<\/li>\n<\/ul>\n<p><a href=\"http:\/\/www.phmprods.com\/prod\/wp-content\/uploads\/2022\/04\/color-davinci.jpg\"><img loading=\"lazy\" class=\"alignnone size-full wp-image-264\" src=\"http:\/\/www.phmprods.com\/prod\/wp-content\/uploads\/2022\/04\/color-davinci.jpg\" alt=\"\" width=\"1963\" height=\"1087\" srcset=\"https:\/\/www.phmprods.com\/prod\/wp-content\/uploads\/2022\/04\/color-davinci.jpg 1963w, https:\/\/www.phmprods.com\/prod\/wp-content\/uploads\/2022\/04\/color-davinci-300x166.jpg 300w, https:\/\/www.phmprods.com\/prod\/wp-content\/uploads\/2022\/04\/color-davinci-1024x567.jpg 1024w, https:\/\/www.phmprods.com\/prod\/wp-content\/uploads\/2022\/04\/color-davinci-768x425.jpg 768w, https:\/\/www.phmprods.com\/prod\/wp-content\/uploads\/2022\/04\/color-davinci-1536x851.jpg 1536w, https:\/\/www.phmprods.com\/prod\/wp-content\/uploads\/2022\/04\/color-davinci-1320x731.jpg 1320w\" sizes=\"(max-width: 767px) 89vw, (max-width: 1000px) 54vw, (max-width: 1071px) 543px, 580px\" \/><\/a><\/p>\n<ul>\n<li><strong>DaVinci Resolve Studio 19<\/strong>, c&#8217;est \u00e9galement la colorim\u00e9trie selon votre exigence, et un traitement du son en post-production, sans interm\u00e9diaires.<\/li>\n<li>Les exports correspondront \u00e0 votre moyen de diffusion et communication (MP4, H264, YOUTUBE, VIMEO, MXF, WAVE, MP3)<\/li>\n<\/ul>\n<h1>Cam\u00e9ras &amp; Appareils Photos<\/h1>\n<p><strong>Cam\u00e9ra BMPCC 4K<\/strong><\/p>\n<p><a href=\"http:\/\/www.phmprods.com\/prod\/wp-content\/uploads\/2022\/04\/4-blackmagic-pocket-cinema-camera-4k.jpg\"><img loading=\"lazy\" class=\"alignnone size-full wp-image-240\" src=\"http:\/\/www.phmprods.com\/prod\/wp-content\/uploads\/2022\/04\/4-blackmagic-pocket-cinema-camera-4k.jpg\" alt=\"\" width=\"1000\" height=\"547\" srcset=\"https:\/\/www.phmprods.com\/prod\/wp-content\/uploads\/2022\/04\/4-blackmagic-pocket-cinema-camera-4k.jpg 1000w, https:\/\/www.phmprods.com\/prod\/wp-content\/uploads\/2022\/04\/4-blackmagic-pocket-cinema-camera-4k-300x164.jpg 300w, https:\/\/www.phmprods.com\/prod\/wp-content\/uploads\/2022\/04\/4-blackmagic-pocket-cinema-camera-4k-768x420.jpg 768w\" sizes=\"(max-width: 767px) 89vw, (max-width: 1000px) 54vw, (max-width: 1071px) 543px, 580px\" \/><\/a><\/p>\n<p>La Blackmagic Pocket Cinema Camera (BMPCC) est plus qu\u2019une simple cam\u00e9ra, car elle est dot\u00e9e de fonctionnalit\u00e9s professionnelles vous permettant de reproduire le \u00ab look \u00bb des longs-m\u00e9trages hollywoodiens. Elle offre une large plage dynamique, d\u2019incroyables performances en faible luminosit\u00e9 et le Blackmagic RAW pour capturer des teintes de peau pr\u00e9cises et de magnifiques couleurs naturelles. Les mod\u00e8les 4K comprennent des fonctionnalit\u00e9s avanc\u00e9es, dont un grand \u00e9cran LCD 5.<br \/>\nEquip\u00e9 d&#8217;objectifs micro 4\/3 en 12-35 mm, 35-100 mm et 100-400 mm, nous pouvons r\u00e9aliser du documentaire, du clip, du court-m\u00e9trage, vid\u00e9os Youtube, du reportage animalier et bien d&#8217;autres rendus cin\u00e9matographiques.<\/p>\n<p><strong>MAVIC PRO 2<\/strong><\/p>\n<p><img loading=\"lazy\" class=\"alignnone wp-image-293 \" src=\"http:\/\/www.phmprods.com\/prod\/wp-content\/uploads\/2022\/04\/IMG_dji-mavic-2-pro.jpg\" alt=\"\" width=\"470\" height=\"253\" srcset=\"https:\/\/www.phmprods.com\/prod\/wp-content\/uploads\/2022\/04\/IMG_dji-mavic-2-pro.jpg 646w, https:\/\/www.phmprods.com\/prod\/wp-content\/uploads\/2022\/04\/IMG_dji-mavic-2-pro-300x161.jpg 300w\" sizes=\"(max-width: 470px) 100vw, 470px\" \/><\/p>\n<ul>\n<li>L&#8217;originalit\u00e9 est possible avec des plans inattendus gr\u00e2ce \u00e0 la cam\u00e9ra de 20M de pixels, avec une focale \u00e9quivalente \u00e0 35 mm, ouverture f\/2.8-f\/11, embarqu\u00e9 sur le drone DJI-Mavic pro 2<\/li>\n<li>Les travellings, les trackings,\u00a0 les vues a\u00e9riennes dynamiseront comme jamais vos vid\u00e9os.<\/li>\n<\/ul>\n<p><strong>Panasonic GH5S<\/strong><\/p>\n<p><a href=\"http:\/\/www.phmprods.com\/prod\/wp-content\/uploads\/2022\/04\/GH5S.jpg\"><img loading=\"lazy\" class=\"alignnone wp-image-244\" src=\"http:\/\/www.phmprods.com\/prod\/wp-content\/uploads\/2022\/04\/GH5S.jpg\" alt=\"\" width=\"413\" height=\"310\" srcset=\"https:\/\/www.phmprods.com\/prod\/wp-content\/uploads\/2022\/04\/GH5S.jpg 615w, https:\/\/www.phmprods.com\/prod\/wp-content\/uploads\/2022\/04\/GH5S-300x225.jpg 300w\" sizes=\"(max-width: 413px) 100vw, 413px\" \/><\/a><\/p>\n<ul>\n<li>Le LUMIX GH5S vous offre la meilleur qualit\u00e9 d&#8217;image et la sensibilit\u00e9 la plus \u00e9lev\u00e9e de l&#8217;histoire des appareils num\u00e9riques LUMIX<\/li>\n<li>Il est particuli\u00e8rement adapt\u00e9 \u00e0 la cr\u00e9ation de vid\u00e9os professionnelles qui exigent un suivi pr\u00e9cis de l&#8217;imagerie ou un enregistrement de haute qualit\u00e9 sur des dispositifs codec externes (tels que ProRes)<\/li>\n<li>Pour augmenter votre cr\u00e9ativit\u00e9, de nombreux effets sont disponibles sur le LUMIX GH5S. Il vous permet d&#8217;enregistrer des images anim\u00e9es au ralenti (240 ips) ou des acc\u00e9l\u00e9r\u00e9s (2 ips).<\/li>\n<li>Son poids avec l&#8217;objectif 4\/3 en 12-35 mm lui permet d&#8217;\u00eatre install\u00e9 sur un stabilisateur type <strong>RONIN S<\/strong>, donnant ainsi des plans extraordinaires.<\/li>\n<\/ul>\n<p><strong>NIKON coolpix P1000<\/strong><\/p>\n<p><a href=\"http:\/\/www.phmprods.com\/prod\/wp-content\/uploads\/2022\/04\/P1000.jpg\"><img loading=\"lazy\" class=\"alignnone wp-image-247\" src=\"http:\/\/www.phmprods.com\/prod\/wp-content\/uploads\/2022\/04\/P1000.jpg\" alt=\"\" width=\"397\" height=\"397\" srcset=\"https:\/\/www.phmprods.com\/prod\/wp-content\/uploads\/2022\/04\/P1000.jpg 1200w, https:\/\/www.phmprods.com\/prod\/wp-content\/uploads\/2022\/04\/P1000-300x300.jpg 300w, https:\/\/www.phmprods.com\/prod\/wp-content\/uploads\/2022\/04\/P1000-1024x1024.jpg 1024w, https:\/\/www.phmprods.com\/prod\/wp-content\/uploads\/2022\/04\/P1000-150x150.jpg 150w, https:\/\/www.phmprods.com\/prod\/wp-content\/uploads\/2022\/04\/P1000-768x768.jpg 768w, https:\/\/www.phmprods.com\/prod\/wp-content\/uploads\/2022\/04\/P1000-100x100.jpg 100w\" sizes=\"(max-width: 397px) 100vw, 397px\" \/><\/a><\/p>\n<ul>\n<li>Enregistrez des s\u00e9quences vid\u00e9o 4K\/UHD remarquables en st\u00e9r\u00e9o. Rapprochez-vous du lancement d&#8217;une fus\u00e9e.<\/li>\n<li>Filmez le premier vol d&#8217;un aiglon au loin.<\/li>\n<li>Enregistrez facilement des films 4K\/UHD 30p ou des vid\u00e9os en Full HD (1080p) \u00e0 des cadences maximales de 60p.<\/li>\n<li>Cr\u00e9ez une s\u00e9quence d&#8217;action rapide mettant en sc\u00e8ne un paysage changeant ou des perspectives uniques. La fonction Vid\u00e9o acc\u00e9l\u00e9r\u00e9e est id\u00e9ale pour l&#8217;enregistrement de paysages c\u00e9lestes, de fil\u00e9s d&#8217;\u00e9toile et du passage de la lune.<\/li>\n<li>Le zoom optique 125x n&#8217;a pas d&#8217;\u00e9quivalent dans le monde. Gr\u00e2ce \u00e0 sa plage de focales de 24\u20133000 mm, l&#8217;extraordinaire n&#8217;est plus inaccessible.<\/li>\n<\/ul>\n<h1>Equipements tournages<\/h1>\n<p><strong>LE FOND VERT<\/strong><\/p>\n<p><a href=\"http:\/\/www.phmprods.com\/prod\/wp-content\/uploads\/2022\/04\/Fond-vert.jpg\"><img loading=\"lazy\" class=\" wp-image-267 alignleft\" src=\"http:\/\/www.phmprods.com\/prod\/wp-content\/uploads\/2022\/04\/Fond-vert.jpg\" alt=\"\" width=\"325\" height=\"228\" \/><\/a><\/p>\n<p>&nbsp;<\/p>\n<ul>\n<li>Cet \u00e9quipement vous permet d&#8217;incruster des d\u00e9cors choisis dans votre projet<\/li>\n<li>Dimension 3m x 2m<\/li>\n<\/ul>\n<p>&nbsp;<\/p>\n<p>&nbsp;<\/p>\n<p><strong>JEU DE LUMIERE STUDIO<\/strong><\/p>\n<p>&nbsp;<\/p>\n<p><a href=\"http:\/\/www.phmprods.com\/prod\/wp-content\/uploads\/2022\/04\/kit-lumiere.jpg\"><img loading=\"lazy\" class=\"alignnone wp-image-269\" src=\"http:\/\/www.phmprods.com\/prod\/wp-content\/uploads\/2022\/04\/kit-lumiere.jpg\" alt=\"\" width=\"326\" height=\"307\" srcset=\"https:\/\/www.phmprods.com\/prod\/wp-content\/uploads\/2022\/04\/kit-lumiere.jpg 478w, https:\/\/www.phmprods.com\/prod\/wp-content\/uploads\/2022\/04\/kit-lumiere-300x282.jpg 300w\" sizes=\"(max-width: 326px) 100vw, 326px\" \/><\/a><\/p>\n<h1>Studio d&#8217;enregistrement<\/h1>\n<p><a href=\"http:\/\/www.phmprods.com\/prod\/wp-content\/uploads\/2022\/04\/studio-one.jpg\"><img loading=\"lazy\" class=\"alignnone size-full wp-image-256\" src=\"http:\/\/www.phmprods.com\/prod\/wp-content\/uploads\/2022\/04\/studio-one.jpg\" alt=\"\" width=\"2000\" height=\"1125\" srcset=\"https:\/\/www.phmprods.com\/prod\/wp-content\/uploads\/2022\/04\/studio-one.jpg 2000w, https:\/\/www.phmprods.com\/prod\/wp-content\/uploads\/2022\/04\/studio-one-300x169.jpg 300w, https:\/\/www.phmprods.com\/prod\/wp-content\/uploads\/2022\/04\/studio-one-1024x576.jpg 1024w, https:\/\/www.phmprods.com\/prod\/wp-content\/uploads\/2022\/04\/studio-one-768x432.jpg 768w, https:\/\/www.phmprods.com\/prod\/wp-content\/uploads\/2022\/04\/studio-one-1536x864.jpg 1536w, https:\/\/www.phmprods.com\/prod\/wp-content\/uploads\/2022\/04\/studio-one-1320x743.jpg 1320w\" sizes=\"(max-width: 767px) 89vw, (max-width: 1000px) 54vw, (max-width: 1071px) 543px, 580px\" \/><\/a><\/p>\n<ul>\n<li>Pour enregistrer, traiter, mixer, nous utilisons le logiciel professionnel <strong>STUDIO ONE 5<\/strong>,<\/li>\n<li>Nous pouvons personnaliser votre bande son avec une musique enti\u00e8rement compos\u00e9e ou arrang\u00e9e, cr\u00e9er des bruitages, utiliser les sons de votre environnement pour en faire votre jingle.<\/li>\n<li>Selon la configuration, le lieu, nous pouvons enregistrer avec la table de mixage <strong>SOUNDCRAFT<\/strong> ou la <strong>M-AUDIO<\/strong> ou encore le <strong>ZOOM H6<\/strong>.<\/li>\n<\/ul>\n<p><a href=\"http:\/\/www.phmprods.com\/prod\/wp-content\/uploads\/2022\/04\/SOUNDCRAFTSIGNATURE22MTK.jpg\"><img loading=\"lazy\" class=\"alignnone size-full wp-image-257\" src=\"http:\/\/www.phmprods.com\/prod\/wp-content\/uploads\/2022\/04\/SOUNDCRAFTSIGNATURE22MTK.jpg\" alt=\"\" width=\"1286\" height=\"800\" srcset=\"https:\/\/www.phmprods.com\/prod\/wp-content\/uploads\/2022\/04\/SOUNDCRAFTSIGNATURE22MTK.jpg 1286w, https:\/\/www.phmprods.com\/prod\/wp-content\/uploads\/2022\/04\/SOUNDCRAFTSIGNATURE22MTK-300x187.jpg 300w, https:\/\/www.phmprods.com\/prod\/wp-content\/uploads\/2022\/04\/SOUNDCRAFTSIGNATURE22MTK-1024x637.jpg 1024w, https:\/\/www.phmprods.com\/prod\/wp-content\/uploads\/2022\/04\/SOUNDCRAFTSIGNATURE22MTK-768x478.jpg 768w\" sizes=\"(max-width: 767px) 89vw, (max-width: 1000px) 54vw, (max-width: 1071px) 543px, 580px\" \/><\/a><\/p>\n<h1>Micros de captation<\/h1>\n<p>Pour r\u00e9ussir une bonne prise de son, il faut tenir compte de plusieurs crit\u00e8res :<\/p>\n<ul>\n<li style=\"list-style-type: none;\">\n<ul>\n<li>L&#8217;environnement,<\/li>\n<li>Le timbre de la voix,<\/li>\n<li>Le style recherch\u00e9 (studio ou live),<\/li>\n<li>Le but (chant ou voix off, instruments)<\/li>\n<\/ul>\n<\/li>\n<\/ul>\n<p>Nous utiliserons donc diff\u00e9rents micros selon le besoin. En voici quelques exemples :<\/p>\n<p><strong>Micro SM58 &#8211; SHURE<\/strong><\/p>\n<p><img loading=\"lazy\" class=\"wp-image-216 alignleft\" src=\"http:\/\/www.phmprods.com\/prod\/wp-content\/uploads\/2022\/04\/SM-58.jpg\" alt=\"\" width=\"196\" height=\"196\" srcset=\"https:\/\/www.phmprods.com\/prod\/wp-content\/uploads\/2022\/04\/SM-58.jpg 600w, https:\/\/www.phmprods.com\/prod\/wp-content\/uploads\/2022\/04\/SM-58-300x300.jpg 300w, https:\/\/www.phmprods.com\/prod\/wp-content\/uploads\/2022\/04\/SM-58-150x150.jpg 150w, https:\/\/www.phmprods.com\/prod\/wp-content\/uploads\/2022\/04\/SM-58-100x100.jpg 100w\" sizes=\"(max-width: 196px) 100vw, 196px\" \/><\/p>\n<p>&nbsp;<\/p>\n<ul>\n<li class=\"fx-list__item list-item fx-list__item--circle\"><span class=\"fx-text fx-text--plus list-item__text\">Microphone de chant dynamique<\/span><\/li>\n<li class=\"fx-list__item list-item fx-list__item--circle\"><span class=\"fx-text fx-text--plus list-item__text\">Version sans interrupteur marche\/arr\u00eat<\/span><\/li>\n<li class=\"fx-list__item list-item fx-list__item--circle\"><span class=\"fx-text fx-text--plus list-item__text\">Directivit\u00e9: Cardio\u00efde<\/span><\/li>\n<li class=\"fx-list__item list-item fx-list__item--circle\"><span class=\"fx-text fx-text--plus list-item__text\">R\u00e9ponse en fr\u00e9quence: 50 &#8211; 15.000 Hz<\/span><\/li>\n<\/ul>\n<p><span class=\"fx-text fx-text--plus list-item__text\">Sensibilit\u00e9: -56 dBV\/Pa (1,85 mV)<\/span><img loading=\"lazy\" class=\"alignnone size-full wp-image-219 aligncenter\" src=\"http:\/\/www.phmprods.com\/prod\/wp-content\/uploads\/2022\/04\/Explication-SM-58.png\" alt=\"\" width=\"949\" height=\"577\" srcset=\"https:\/\/www.phmprods.com\/prod\/wp-content\/uploads\/2022\/04\/Explication-SM-58.png 949w, https:\/\/www.phmprods.com\/prod\/wp-content\/uploads\/2022\/04\/Explication-SM-58-300x182.png 300w, https:\/\/www.phmprods.com\/prod\/wp-content\/uploads\/2022\/04\/Explication-SM-58-768x467.png 768w\" sizes=\"(max-width: 767px) 89vw, (max-width: 1000px) 54vw, (max-width: 1071px) 543px, 580px\" \/><\/p>\n<p><strong>Micro BETA 57 &#8211; SHURE<\/strong><\/p>\n<p><img loading=\"lazy\" class=\"wp-image-223 alignleft\" src=\"http:\/\/www.phmprods.com\/prod\/wp-content\/uploads\/2022\/04\/BETA-57.jpeg\" alt=\"\" width=\"205\" height=\"274\" srcset=\"https:\/\/www.phmprods.com\/prod\/wp-content\/uploads\/2022\/04\/BETA-57.jpeg 300w, https:\/\/www.phmprods.com\/prod\/wp-content\/uploads\/2022\/04\/BETA-57-225x300.jpeg 225w\" sizes=\"(max-width: 205px) 100vw, 205px\" \/><\/p>\n<p>&nbsp;<\/p>\n<ul class=\"fx-list product-text__list\">\n<li class=\"fx-list__item list-item fx-list__item--circle\"><span class=\"fx-text fx-text--plus list-item__text\">Optimis\u00e9 pour le chant, tom de batterie, baffle guitare et cuivre<\/span><\/li>\n<li class=\"fx-list__item list-item fx-list__item--circle\"><span class=\"fx-text fx-text--plus list-item__text\">Directivit\u00e9: Supercardio\u00efde<\/span><\/li>\n<li class=\"fx-list__item list-item fx-list__item--circle\"><span class=\"fx-text fx-text--plus list-item__text\">R\u00e9ponse en fr\u00e9quence: 50 Hz &#8211; 16 kHz<\/span><\/li>\n<li class=\"fx-list__item list-item fx-list__item--circle\"><span class=\"fx-text fx-text--plus list-item__text\">Imp\u00e9dance de sortie: 150 Ohm<\/span><\/li>\n<\/ul>\n<p>&nbsp;<\/p>\n<p>&nbsp;<\/p>\n<p><strong>Micro SM 57 &#8211; SHURE<\/strong><\/p>\n<p><img loading=\"lazy\" class=\"wp-image-224 alignleft\" src=\"http:\/\/www.phmprods.com\/prod\/wp-content\/uploads\/2022\/04\/SM-57.jpg\" alt=\"\" width=\"204\" height=\"204\" srcset=\"https:\/\/www.phmprods.com\/prod\/wp-content\/uploads\/2022\/04\/SM-57.jpg 600w, https:\/\/www.phmprods.com\/prod\/wp-content\/uploads\/2022\/04\/SM-57-300x300.jpg 300w, https:\/\/www.phmprods.com\/prod\/wp-content\/uploads\/2022\/04\/SM-57-150x150.jpg 150w, https:\/\/www.phmprods.com\/prod\/wp-content\/uploads\/2022\/04\/SM-57-100x100.jpg 100w\" sizes=\"(max-width: 204px) 100vw, 204px\" \/><\/p>\n<ul class=\"fx-list product-text__list\">\n<li>Id\u00e9al pour les caisses claires et autres percussions, guitare \u00e9lectrique et certainement beaucoup plus encore.<\/li>\n<li class=\"fx-list__item list-item fx-list__item--circle\"><span class=\"fx-text fx-text--plus list-item__text\">Directivit\u00e9: cardio\u00efde<\/span><\/li>\n<li class=\"fx-list__item list-item fx-list__item--circle\"><span class=\"fx-text fx-text--plus list-item__text\">R\u00e9ponse en fr\u00e9quence: 40 Hz &#8211; 15 kHz<\/span><\/li>\n<li class=\"fx-list__item list-item fx-list__item--circle\"><span class=\"fx-text fx-text--plus list-item__text\">SPL max: 94 SPL<\/span><\/li>\n<li class=\"fx-list__item list-item fx-list__item--circle\"><span class=\"fx-text fx-text--plus list-item__text\">Sensibilit\u00e9: -56,0 dBV \/ Pa (1,6 mV)<\/span><\/li>\n<li class=\"fx-list__item list-item fx-list__item--circle\"><span class=\"fx-text fx-text--plus list-item__text\">Imp\u00e9dance: 310 Ohm<\/span><\/li>\n<\/ul>\n<p><strong>Micro NEUMANN 84 i<\/strong><\/p>\n<p><img loading=\"lazy\" class=\"wp-image-227 alignleft\" src=\"http:\/\/www.phmprods.com\/prod\/wp-content\/uploads\/2022\/04\/Neumann-84-i.jpg\" alt=\"\" width=\"204\" height=\"136\" \/><\/p>\n<ul class=\"fx-list product-text__list\">\n<li>Les Km 84 i de Neumann sont des micros sur lesquels on peut compter en toutes situations, que ce soit pour enregistrer des ambiances, de grands ensembles classiques.<\/li>\n<li>R\u00e9aliser des prises de son de proximit\u00e9\n<ul>\n<li style=\"list-style-type: none;\">\n<ul>\n<li style=\"list-style-type: none;\">\n<ul>\n<li style=\"list-style-type: none;\">\n<ul>\n<li style=\"list-style-type: none;\">\n<ul>\n<li style=\"list-style-type: none;\">\n<ul>\n<li style=\"list-style-type: none;\">\n<ul>\n<li style=\"list-style-type: none;\">\n<ul>\n<li style=\"list-style-type: none;\">\n<ul class=\"fx-list product-text__list\">\n<li><span class=\"fx-text fx-text--plus list-item__text\">2x KM 184 cardio\u00efde appair\u00e9s<\/span><\/li>\n<li><span class=\"fx-text fx-text--plus list-item__text\">\u00a02x bonnettes WNS100<\/span><\/li>\n<\/ul>\n<\/li>\n<\/ul>\n<\/li>\n<\/ul>\n<\/li>\n<\/ul>\n<\/li>\n<\/ul>\n<\/li>\n<\/ul>\n<\/li>\n<\/ul>\n<\/li>\n<\/ul>\n<\/li>\n<\/ul>\n<\/li>\n<\/ul>\n<ul>\n<li style=\"list-style-type: none;\">\n<ul>\n<li style=\"list-style-type: none;\">\n<ul>\n<li style=\"list-style-type: none;\">\n<ul>\n<li style=\"list-style-type: none;\">\n<ul>\n<li style=\"list-style-type: none;\">\n<ul>\n<li style=\"list-style-type: none;\">\n<ul>\n<li style=\"list-style-type: none;\">\n<ul>\n<li style=\"list-style-type: none;\">\n<ul>\n<li style=\"list-style-type: none;\">\n<ul>\n<li style=\"list-style-type: none;\">\n<ul>\n<li style=\"list-style-type: none;\">\n<ul>\n<li style=\"list-style-type: none;\">\n<ul>\n<li style=\"list-style-type: none;\"><\/li>\n<\/ul>\n<\/li>\n<\/ul>\n<\/li>\n<\/ul>\n<\/li>\n<\/ul>\n<\/li>\n<\/ul>\n<\/li>\n<\/ul>\n<\/li>\n<\/ul>\n<\/li>\n<\/ul>\n<\/li>\n<\/ul>\n<\/li>\n<\/ul>\n<\/li>\n<\/ul>\n<\/li>\n<\/ul>\n<\/li>\n<\/ul>\n<p><strong>Micro ZOOM H6<\/strong><\/p>\n<p><img loading=\"lazy\" class=\"wp-image-230 alignleft\" src=\"http:\/\/www.phmprods.com\/prod\/wp-content\/uploads\/2022\/04\/zoom-h6.jpg\" alt=\"\" width=\"205\" height=\"205\" srcset=\"https:\/\/www.phmprods.com\/prod\/wp-content\/uploads\/2022\/04\/zoom-h6.jpg 225w, https:\/\/www.phmprods.com\/prod\/wp-content\/uploads\/2022\/04\/zoom-h6-150x150.jpg 150w, https:\/\/www.phmprods.com\/prod\/wp-content\/uploads\/2022\/04\/zoom-h6-100x100.jpg 100w\" sizes=\"(max-width: 205px) 100vw, 205px\" \/><\/p>\n<ul class=\"fx-list product-text__list\">\n<li>Id\u00e9al pour de l&#8217;enregistrement en ext\u00e9rieur ou int\u00e9rieur, interview.<\/li>\n<li class=\"fx-list__item list-item fx-list__item--circle\"><span class=\"fx-text fx-text--plus list-item__text\">Qualit\u00e9 d&#8217;enregistrement maximale : 24 bit \/ 96 kHz<\/span><\/li>\n<li class=\"fx-list__item list-item fx-list__item--circle\"><span class=\"fx-text fx-text--plus list-item__text\">Jusqu&#8217;\u00e0 6 canaux peuvent \u00eatre enregistr\u00e9s simultan\u00e9ment<\/span><\/li>\n<li class=\"fx-list__item list-item fx-list__item--circle\"><span class=\"fx-text fx-text--plus list-item__text\">Capsule microphonique X\/Y XYH-6\u00a0<\/span><\/li>\n<li class=\"fx-list__item list-item fx-list__item--circle\"><span class=\"fx-text fx-text--plus list-item__text\">Microphones \u00e0 pince interchangeables\u00a0<\/span><\/li>\n<li class=\"fx-list__item list-item fx-list__item--circle\"><span class=\"fx-text fx-text--plus list-item__text\">4x entr\u00e9es Micro \/ Ligne\u00a0<\/span><\/li>\n<\/ul>\n<p><strong>Micro AKG CGN\u00a0<\/strong><\/p>\n<p><a href=\"http:\/\/www.phmprods.com\/prod\/wp-content\/uploads\/2022\/04\/CGN_conference.png\"><img loading=\"lazy\" class=\"wp-image-280 alignleft\" src=\"http:\/\/www.phmprods.com\/prod\/wp-content\/uploads\/2022\/04\/CGN_conference.png\" alt=\"\" width=\"209\" height=\"433\" srcset=\"https:\/\/www.phmprods.com\/prod\/wp-content\/uploads\/2022\/04\/CGN_conference.png 1664w, https:\/\/www.phmprods.com\/prod\/wp-content\/uploads\/2022\/04\/CGN_conference-145x300.png 145w, https:\/\/www.phmprods.com\/prod\/wp-content\/uploads\/2022\/04\/CGN_conference-494x1024.png 494w, https:\/\/www.phmprods.com\/prod\/wp-content\/uploads\/2022\/04\/CGN_conference-768x1591.png 768w, https:\/\/www.phmprods.com\/prod\/wp-content\/uploads\/2022\/04\/CGN_conference-741x1536.png 741w, https:\/\/www.phmprods.com\/prod\/wp-content\/uploads\/2022\/04\/CGN_conference-988x2048.png 988w, https:\/\/www.phmprods.com\/prod\/wp-content\/uploads\/2022\/04\/CGN_conference-1320x2735.png 1320w\" sizes=\"(max-width: 209px) 100vw, 209px\" \/><\/a><\/p>\n<p>&nbsp;<\/p>\n<p>&nbsp;<\/p>\n<ul>\n<li style=\"list-style-type: none;\">\n<ul>\n<li style=\"list-style-type: none;\">\n<ul class=\"fx-list product-text__list\">\n<li style=\"list-style-type: none;\">\n<ul>\n<li style=\"list-style-type: none;\">\n<ul class=\"fx-list product-text__list\">\n<li>Le micro indispensable lors de vos conf\u00e9rences,<\/li>\n<li class=\"fx-list__item list-item fx-list__item--circle\" style=\"text-align: left;\"><span class=\"fx-text fx-text--plus list-item__text\">Directivit\u00e9: cardio\u00efde<\/span><\/li>\n<\/ul>\n<\/li>\n<\/ul>\n<\/li>\n<li class=\"fx-list__item list-item fx-list__item--circle\" style=\"text-align: left;\"><span class=\"fx-text fx-text--plus list-item__text\">R\u00e9ponse en fr\u00e9quence: 70 Hz &#8211; 18 kHz<\/span><\/li>\n<li class=\"fx-list__item list-item fx-list__item--circle\" style=\"text-align: left;\"><span class=\"fx-text fx-text--plus list-item__text\">SPL max: 125 dB<\/span><\/li>\n<li class=\"fx-list__item list-item fx-list__item--circle\" style=\"text-align: left;\"><span class=\"fx-text fx-text--plus list-item__text\">Imp\u00e9dance: 600 Ohm<\/span><\/li>\n<li class=\"fx-list__item list-item fx-list__item--circle\" style=\"text-align: left;\"><span class=\"fx-text fx-text--plus list-item__text\">Angle de captation: 120\u00ba<\/span><\/li>\n<li class=\"fx-list__item list-item fx-list__item--circle\" style=\"text-align: left;\"><span class=\"fx-text fx-text--plus list-item__text\">N\u00e9cessite une alimentation Phantom 9-52 Vol<\/span><\/li>\n<\/ul>\n<\/li>\n<\/ul>\n<\/li>\n<\/ul>\n<p>&nbsp;<\/p>\n<p>&nbsp;<\/p>\n<p>&nbsp;<\/p>\n<p>&nbsp;<\/p>\n<p>&nbsp;<\/p>\n<p>&nbsp;<\/p>\n<p>&nbsp;<\/p>\n<p>&nbsp;<\/p>\n<p>&nbsp;<\/p>\n","protected":false},"excerpt":{"rendered":"<p>Studio de montage DaVinci Resolve Studio 19 est un logiciel puissant, nous permettant de faire le montage dynamique de votre documentaire, clip ou vid\u00e9o Youtube. Un logiciel complet dans les effets, les transitions, les titres et animations diverses. DaVinci Resolve Studio 19, c&#8217;est \u00e9galement la colorim\u00e9trie selon votre exigence, et un traitement du son en &hellip; <\/p>\n<p class=\"link-more\"><a href=\"https:\/\/www.phmprods.com\/prod\/mon-materiel\/\" class=\"more-link\">Continue reading<span class=\"screen-reader-text\"> &#8220;Mon mat\u00e9riel&#8221;<\/span><\/a><\/p>\n","protected":false},"author":4,"featured_media":0,"parent":0,"menu_order":0,"comment_status":"closed","ping_status":"closed","template":"","meta":[],"_links":{"self":[{"href":"https:\/\/www.phmprods.com\/prod\/wp-json\/wp\/v2\/pages\/201"}],"collection":[{"href":"https:\/\/www.phmprods.com\/prod\/wp-json\/wp\/v2\/pages"}],"about":[{"href":"https:\/\/www.phmprods.com\/prod\/wp-json\/wp\/v2\/types\/page"}],"author":[{"embeddable":true,"href":"https:\/\/www.phmprods.com\/prod\/wp-json\/wp\/v2\/users\/4"}],"replies":[{"embeddable":true,"href":"https:\/\/www.phmprods.com\/prod\/wp-json\/wp\/v2\/comments?post=201"}],"version-history":[{"count":47,"href":"https:\/\/www.phmprods.com\/prod\/wp-json\/wp\/v2\/pages\/201\/revisions"}],"predecessor-version":[{"id":492,"href":"https:\/\/www.phmprods.com\/prod\/wp-json\/wp\/v2\/pages\/201\/revisions\/492"}],"wp:attachment":[{"href":"https:\/\/www.phmprods.com\/prod\/wp-json\/wp\/v2\/media?parent=201"}],"curies":[{"name":"wp","href":"https:\/\/api.w.org\/{rel}","templated":true}]}}