{"id":101,"date":"2022-01-15T17:27:23","date_gmt":"2022-01-15T16:27:23","guid":{"rendered":"http:\/\/www.phmprods.com\/prod\/?page_id=101"},"modified":"2022-05-10T19:59:00","modified_gmt":"2022-05-10T17:59:00","slug":"videos","status":"publish","type":"page","link":"https:\/\/www.phmprods.com\/prod\/videos\/","title":{"rendered":"D\u00e9finition de votre projet"},"content":{"rendered":"<ul>\n<li>La vid\u00e9o reste l&#8217;outil le plus<em> <strong>pratique et d\u00e9monstratif<\/strong><\/em> pour expliquer un service ou mettre en avant les qualit\u00e9s d&#8217;un article, le savoir-faire d&#8217;une entreprise ou encore le partage d&#8217;une passion, d&#8217;une action.<\/li>\n<\/ul>\n<p><iframe loading=\"lazy\" title=\"R\u00eave de Bien \u00catre\" width=\"525\" height=\"295\" src=\"https:\/\/www.youtube.com\/embed\/eZllzTG1ZH8?feature=oembed\" frameborder=\"0\" allow=\"accelerometer; autoplay; clipboard-write; encrypted-media; gyroscope; picture-in-picture\" allowfullscreen><\/iframe><\/p>\n<ul>\n<li>Le choix du type de vid\u00e9o se fera en premier lieu en fonction du message que vous souhaitez faire passer. Il est important de d\u00e9finir <em><strong>l&#8217;objectif<\/strong><\/em>, le <em><strong>public<\/strong><\/em>\u00a0 cibl\u00e9 ainsi que le <em><strong>support audiovisuel<\/strong><\/em> et <em><strong>la dur\u00e9e<\/strong><\/em> sur lesquels il sera diffus\u00e9.<\/li>\n<li>Nous d\u00e9finirons la bande sonore (musique, voix off, effets, bruitages&#8230;).<\/li>\n<li>Nous \u00e9crirons ensemble\u00a0 un sc\u00e9nario de tel sorte que votre projet soit repr\u00e9sent\u00e9 au mieux. Un storyboard nous permettra d&#8217;organiser <strong><a href=\"https:\/\/www.phmprods.com\/prod\/tournage\/\">les diff\u00e9rentes \u00e9tapes du tournage.<\/a><\/strong><\/li>\n<\/ul>\n<h1>Exemples de projets<\/h1>\n<h5>TEASER-BANDE ANNONCE<\/h5>\n<p><iframe loading=\"lazy\" title=\"LE FINANCEMENT DU LIDAR DPDH 2022\" width=\"525\" height=\"295\" src=\"https:\/\/www.youtube.com\/embed\/IPt2Gr-VGEs?feature=oembed\" frameborder=\"0\" allow=\"accelerometer; autoplay; clipboard-write; encrypted-media; gyroscope; picture-in-picture\" allowfullscreen><\/iframe><\/p>\n<h5>REPORTAGES-DOCUMENTAIRES<\/h5>\n<p><iframe loading=\"lazy\" title=\"La p\u00eache des \u00e9tangs en Dombes phmprods\" width=\"525\" height=\"295\" src=\"https:\/\/www.youtube.com\/embed\/YiZKj7YU_-I?feature=oembed\" frameborder=\"0\" allow=\"accelerometer; autoplay; clipboard-write; encrypted-media; gyroscope; picture-in-picture\" allowfullscreen><\/iframe><\/p>\n<h5>PRESENTATION ENTREPRISES &#8211; ASSOCIATIONS<\/h5>\n<p><iframe loading=\"lazy\" title=\"Film pr\u00e9sentation Association des Pierres et des Hommes mp4\" width=\"525\" height=\"295\" src=\"https:\/\/www.youtube.com\/embed\/jDPVSo60RiA?feature=oembed\" frameborder=\"0\" allow=\"accelerometer; autoplay; clipboard-write; encrypted-media; gyroscope; picture-in-picture\" allowfullscreen><\/iframe><\/p>\n<h5>CLIP VIDEO MUSICAUX<\/h5>\n<p><iframe loading=\"lazy\" title=\"MARYE H   Mon Empire \u00e0 Moi\" width=\"525\" height=\"295\" src=\"https:\/\/www.youtube.com\/embed\/78rNSJBqvcQ?feature=oembed\" frameborder=\"0\" allow=\"accelerometer; autoplay; clipboard-write; encrypted-media; gyroscope; picture-in-picture\" allowfullscreen><\/iframe><\/p>\n<h5>CAPTATION EVENEMENTS CULTURELS, SPORTIFS, ARTISTIQUES<\/h5>\n<p><iframe loading=\"lazy\" title=\"Le Port d&#039;Amsterdam   interpr\u00e9t\u00e9 par Les Grandes Z&#039;Oreilles\" width=\"525\" height=\"295\" src=\"https:\/\/www.youtube.com\/embed\/_rBHwAKQpoI?feature=oembed\" frameborder=\"0\" allow=\"accelerometer; autoplay; clipboard-write; encrypted-media; gyroscope; picture-in-picture\" allowfullscreen><\/iframe><\/p>\n<h5>CLIPS PUBLICITAIRES<\/h5>\n<div style=\"width: 525px;\" class=\"wp-video\"><!--[if lt IE 9]><script>document.createElement('video');<\/script><![endif]-->\n<video class=\"wp-video-shortcode\" id=\"video-101-1\" width=\"525\" height=\"295\" preload=\"metadata\" controls=\"controls\"><source type=\"video\/mp4\" src=\"http:\/\/www.phmprods.com\/prod\/wp-content\/uploads\/2022\/04\/Video-Cadeaux-Candidates-V003.mp4?_=1\" \/><a href=\"http:\/\/www.phmprods.com\/prod\/wp-content\/uploads\/2022\/04\/Video-Cadeaux-Candidates-V003.mp4\">http:\/\/www.phmprods.com\/prod\/wp-content\/uploads\/2022\/04\/Video-Cadeaux-Candidates-V003.mp4<\/a><\/video><\/div>\n<h5>clip souvenirs &#8211; mariage &#8211; anniversaire &#8211; fete familiale<\/h5>\n<p><iframe loading=\"lazy\" title=\"Mariage Version courte 240421\" width=\"525\" height=\"295\" src=\"https:\/\/www.youtube.com\/embed\/no_9Ytz1IbI?feature=oembed\" frameborder=\"0\" allow=\"accelerometer; autoplay; clipboard-write; encrypted-media; gyroscope; picture-in-picture\" allowfullscreen><\/iframe><\/p>\n<h5>court-metrage<\/h5>\n<p><iframe loading=\"lazy\" title=\"Naissance d&#039;un H\u00e9ros\" width=\"525\" height=\"295\" src=\"https:\/\/www.youtube.com\/embed\/dnsQSq0FIqg?feature=oembed\" frameborder=\"0\" allow=\"accelerometer; autoplay; clipboard-write; encrypted-media; gyroscope; picture-in-picture\" allowfullscreen><\/iframe><\/p>\n","protected":false},"excerpt":{"rendered":"<p>La vid\u00e9o reste l&#8217;outil le plus pratique et d\u00e9monstratif pour expliquer un service ou mettre en avant les qualit\u00e9s d&#8217;un article, le savoir-faire d&#8217;une entreprise ou encore le partage d&#8217;une passion, d&#8217;une action. Le choix du type de vid\u00e9o se fera en premier lieu en fonction du message que vous souhaitez faire passer. Il est &hellip; <\/p>\n<p class=\"link-more\"><a href=\"https:\/\/www.phmprods.com\/prod\/videos\/\" class=\"more-link\">Continue reading<span class=\"screen-reader-text\"> &#8220;D\u00e9finition de votre projet&#8221;<\/span><\/a><\/p>\n","protected":false},"author":1,"featured_media":0,"parent":0,"menu_order":0,"comment_status":"closed","ping_status":"closed","template":"","meta":[],"_links":{"self":[{"href":"https:\/\/www.phmprods.com\/prod\/wp-json\/wp\/v2\/pages\/101"}],"collection":[{"href":"https:\/\/www.phmprods.com\/prod\/wp-json\/wp\/v2\/pages"}],"about":[{"href":"https:\/\/www.phmprods.com\/prod\/wp-json\/wp\/v2\/types\/page"}],"author":[{"embeddable":true,"href":"https:\/\/www.phmprods.com\/prod\/wp-json\/wp\/v2\/users\/1"}],"replies":[{"embeddable":true,"href":"https:\/\/www.phmprods.com\/prod\/wp-json\/wp\/v2\/comments?post=101"}],"version-history":[{"count":23,"href":"https:\/\/www.phmprods.com\/prod\/wp-json\/wp\/v2\/pages\/101\/revisions"}],"predecessor-version":[{"id":459,"href":"https:\/\/www.phmprods.com\/prod\/wp-json\/wp\/v2\/pages\/101\/revisions\/459"}],"wp:attachment":[{"href":"https:\/\/www.phmprods.com\/prod\/wp-json\/wp\/v2\/media?parent=101"}],"curies":[{"name":"wp","href":"https:\/\/api.w.org\/{rel}","templated":true}]}}